{"id":4352,"date":"2021-10-07T11:00:52","date_gmt":"2021-11-24T11:17:27","guid":{"rendered":"https:\/\/anabelibericos.com\/producto\/iberian-acorn-fed-loin-50-iberian-race\/"},"modified":"2021-11-24T12:17:27","modified_gmt":"2021-11-24T11:17:27","slug":"lomo-de-bellota-iberica-50-raza-iberica-2","status":"publish","type":"product","link":"https:\/\/anabelibericos.com\/en\/product\/lomo-de-bellota-iberica-50-raza-iberica-2\/","title":{"rendered":"IBERIAN ACORN-FED LOIN 50% IBERIAN RACE"},"content":{"rendered":"<p>Acorn-fed Iberian loin 50% Iberian breed in a perfect state of curing and maturation. It is seasoned with paprika to enhance the flavor of one of the noblest parts of pork. When cut, it presents veins of infiltrated fat, derived from its quality and origin, which melts on the palate to provide juiciness. These pigs are raised in the wild in the pastures and fed on acorns. Breed: 50% Iberian Food: Acorns Est\u00e1 condimentado con piment\u00f3n para potenciar el sabor de una de las partes m\u00e1s nobles de cerdo. Presenta al corte vetas de grasa infiltrada, derivadas de su calidad y origen, que se funde en el paladar para brindar jugosidad. Raza: 50% Ib\u00e9rico Alimentaci\u00f3n: Bellotas   <\/p>\n","protected":false},"excerpt":{"rendered":"<p>Acorn-fed Iberian loin 50% Iberian breed in a perfect state of curing and maturation. It is seasoned with paprika to enhance the flavor of one of the noblest parts of pork. When cut, it presents veins of infiltrated fat, derived from its quality and origin, which melts on the palate to provide juiciness. These pigs&hellip;<\/p>\n","protected":false},"featured_media":4238,"comment_status":"closed","ping_status":"closed","template":"","meta":{"_acf_changed":false},"product_cat":[114,107],"product_tag":[],"acf":[],"yoast_head":"<!-- This site is optimized with the Yoast SEO plugin v22.5 - https:\/\/yoast.com\/wordpress\/plugins\/seo\/ -->\n<title>IBERIAN ACORN-FED LOIN 50% IBERIAN RACE - Anabel Ib\u00e9ricos<\/title>\n<meta name=\"robots\" content=\"index, follow, max-snippet:-1, max-image-preview:large, max-video-preview:-1\" \/>\n<link rel=\"canonical\" href=\"https:\/\/anabelibericos.com\/en\/product\/lomo-de-bellota-iberica-50-raza-iberica-2\/\" \/>\n<meta property=\"og:locale\" content=\"en_US\" \/>\n<meta property=\"og:type\" content=\"article\" \/>\n<meta property=\"og:title\" content=\"IBERIAN ACORN-FED LOIN 50% IBERIAN RACE - Anabel Ib\u00e9ricos\" \/>\n<meta property=\"og:description\" content=\"Acorn-fed Iberian loin 50% Iberian breed in a perfect state of curing and maturation. It is seasoned with paprika to enhance the flavor of one of the noblest parts of pork. When cut, it presents veins of infiltrated fat, derived from its quality and origin, which melts on the palate to provide juiciness. These pigs&hellip;\" \/>\n<meta property=\"og:url\" content=\"https:\/\/anabelibericos.com\/en\/product\/lomo-de-bellota-iberica-50-raza-iberica-2\/\" \/>\n<meta property=\"og:site_name\" content=\"Anabel Ib\u00e9ricos\" \/>\n<meta name=\"twitter:card\" content=\"summary_large_image\" \/>\n<meta name=\"twitter:label1\" content=\"Est. reading time\" \/>\n\t<meta name=\"twitter:data1\" content=\"1 minute\" \/>\n<script type=\"application\/ld+json\" class=\"yoast-schema-graph\">{\"@context\":\"https:\/\/schema.org\",\"@graph\":[{\"@type\":\"WebPage\",\"@id\":\"https:\/\/anabelibericos.com\/en\/product\/lomo-de-bellota-iberica-50-raza-iberica-2\/\",\"url\":\"https:\/\/anabelibericos.com\/en\/product\/lomo-de-bellota-iberica-50-raza-iberica-2\/\",\"name\":\"IBERIAN ACORN-FED LOIN 50% IBERIAN RACE - Anabel Ib\u00e9ricos\",\"isPartOf\":{\"@id\":\"https:\/\/anabelibericos.com\/en\/#website\"},\"primaryImageOfPage\":{\"@id\":\"https:\/\/anabelibericos.com\/en\/product\/lomo-de-bellota-iberica-50-raza-iberica-2\/#primaryimage\"},\"image\":{\"@id\":\"https:\/\/anabelibericos.com\/en\/product\/lomo-de-bellota-iberica-50-raza-iberica-2\/#primaryimage\"},\"thumbnailUrl\":\"https:\/\/anabelibericos.com\/wp-content\/uploads\/anabel-ibericos-web-pieza-lomo-campo-50-1.jpg\",\"datePublished\":\"2021-11-24T11:17:27+00:00\",\"dateModified\":\"2021-11-24T11:17:27+00:00\",\"breadcrumb\":{\"@id\":\"https:\/\/anabelibericos.com\/en\/product\/lomo-de-bellota-iberica-50-raza-iberica-2\/#breadcrumb\"},\"inLanguage\":\"en-US\",\"potentialAction\":[{\"@type\":\"ReadAction\",\"target\":[\"https:\/\/anabelibericos.com\/en\/product\/lomo-de-bellota-iberica-50-raza-iberica-2\/\"]}]},{\"@type\":\"ImageObject\",\"inLanguage\":\"en-US\",\"@id\":\"https:\/\/anabelibericos.com\/en\/product\/lomo-de-bellota-iberica-50-raza-iberica-2\/#primaryimage\",\"url\":\"https:\/\/anabelibericos.com\/wp-content\/uploads\/anabel-ibericos-web-pieza-lomo-campo-50-1.jpg\",\"contentUrl\":\"https:\/\/anabelibericos.com\/wp-content\/uploads\/anabel-ibericos-web-pieza-lomo-campo-50-1.jpg\",\"width\":800,\"height\":1067},{\"@type\":\"BreadcrumbList\",\"@id\":\"https:\/\/anabelibericos.com\/en\/product\/lomo-de-bellota-iberica-50-raza-iberica-2\/#breadcrumb\",\"itemListElement\":[{\"@type\":\"ListItem\",\"position\":1,\"name\":\"Portada\",\"item\":\"https:\/\/anabelibericos.com\/en\/\"},{\"@type\":\"ListItem\",\"position\":2,\"name\":\"Shop\",\"item\":\"https:\/\/anabelibericos.com\/en\/shop\/\"},{\"@type\":\"ListItem\",\"position\":3,\"name\":\"IBERIAN ACORN-FED LOIN 50% IBERIAN RACE\"}]},{\"@type\":\"WebSite\",\"@id\":\"https:\/\/anabelibericos.com\/en\/#website\",\"url\":\"https:\/\/anabelibericos.com\/en\/\",\"name\":\"Anabel Ib\u00e9ricos\",\"description\":\"#TANIB\u00c9RICAMENTE\",\"publisher\":{\"@id\":\"https:\/\/anabelibericos.com\/en\/#organization\"},\"potentialAction\":[{\"@type\":\"SearchAction\",\"target\":{\"@type\":\"EntryPoint\",\"urlTemplate\":\"https:\/\/anabelibericos.com\/en\/?s={search_term_string}\"},\"query-input\":\"required name=search_term_string\"}],\"inLanguage\":\"en-US\"},{\"@type\":\"Organization\",\"@id\":\"https:\/\/anabelibericos.com\/en\/#organization\",\"name\":\"Anabel Ib\u00e9ricos\",\"url\":\"https:\/\/anabelibericos.com\/en\/\",\"logo\":{\"@type\":\"ImageObject\",\"inLanguage\":\"en-US\",\"@id\":\"https:\/\/anabelibericos.com\/en\/#\/schema\/logo\/image\/\",\"url\":\"https:\/\/anabelibericos.com\/wp-content\/uploads\/logotipo-anabel-ibericos-web-_1.png\",\"contentUrl\":\"https:\/\/anabelibericos.com\/wp-content\/uploads\/logotipo-anabel-ibericos-web-_1.png\",\"width\":4000,\"height\":742,\"caption\":\"Anabel Ib\u00e9ricos\"},\"image\":{\"@id\":\"https:\/\/anabelibericos.com\/en\/#\/schema\/logo\/image\/\"}}]}<\/script>\n<!-- \/ Yoast SEO plugin. -->","yoast_head_json":{"title":"IBERIAN ACORN-FED LOIN 50% IBERIAN RACE - Anabel Ib\u00e9ricos","robots":{"index":"index","follow":"follow","max-snippet":"max-snippet:-1","max-image-preview":"max-image-preview:large","max-video-preview":"max-video-preview:-1"},"canonical":"https:\/\/anabelibericos.com\/en\/product\/lomo-de-bellota-iberica-50-raza-iberica-2\/","og_locale":"en_US","og_type":"article","og_title":"IBERIAN ACORN-FED LOIN 50% IBERIAN RACE - Anabel Ib\u00e9ricos","og_description":"Acorn-fed Iberian loin 50% Iberian breed in a perfect state of curing and maturation. It is seasoned with paprika to enhance the flavor of one of the noblest parts of pork. When cut, it presents veins of infiltrated fat, derived from its quality and origin, which melts on the palate to provide juiciness. These pigs&hellip;","og_url":"https:\/\/anabelibericos.com\/en\/product\/lomo-de-bellota-iberica-50-raza-iberica-2\/","og_site_name":"Anabel Ib\u00e9ricos","twitter_card":"summary_large_image","twitter_misc":{"Est. reading time":"1 minute"},"schema":{"@context":"https:\/\/schema.org","@graph":[{"@type":"WebPage","@id":"https:\/\/anabelibericos.com\/en\/product\/lomo-de-bellota-iberica-50-raza-iberica-2\/","url":"https:\/\/anabelibericos.com\/en\/product\/lomo-de-bellota-iberica-50-raza-iberica-2\/","name":"IBERIAN ACORN-FED LOIN 50% IBERIAN RACE - Anabel Ib\u00e9ricos","isPartOf":{"@id":"https:\/\/anabelibericos.com\/en\/#website"},"primaryImageOfPage":{"@id":"https:\/\/anabelibericos.com\/en\/product\/lomo-de-bellota-iberica-50-raza-iberica-2\/#primaryimage"},"image":{"@id":"https:\/\/anabelibericos.com\/en\/product\/lomo-de-bellota-iberica-50-raza-iberica-2\/#primaryimage"},"thumbnailUrl":"https:\/\/anabelibericos.com\/wp-content\/uploads\/anabel-ibericos-web-pieza-lomo-campo-50-1.jpg","datePublished":"2021-11-24T11:17:27+00:00","dateModified":"2021-11-24T11:17:27+00:00","breadcrumb":{"@id":"https:\/\/anabelibericos.com\/en\/product\/lomo-de-bellota-iberica-50-raza-iberica-2\/#breadcrumb"},"inLanguage":"en-US","potentialAction":[{"@type":"ReadAction","target":["https:\/\/anabelibericos.com\/en\/product\/lomo-de-bellota-iberica-50-raza-iberica-2\/"]}]},{"@type":"ImageObject","inLanguage":"en-US","@id":"https:\/\/anabelibericos.com\/en\/product\/lomo-de-bellota-iberica-50-raza-iberica-2\/#primaryimage","url":"https:\/\/anabelibericos.com\/wp-content\/uploads\/anabel-ibericos-web-pieza-lomo-campo-50-1.jpg","contentUrl":"https:\/\/anabelibericos.com\/wp-content\/uploads\/anabel-ibericos-web-pieza-lomo-campo-50-1.jpg","width":800,"height":1067},{"@type":"BreadcrumbList","@id":"https:\/\/anabelibericos.com\/en\/product\/lomo-de-bellota-iberica-50-raza-iberica-2\/#breadcrumb","itemListElement":[{"@type":"ListItem","position":1,"name":"Portada","item":"https:\/\/anabelibericos.com\/en\/"},{"@type":"ListItem","position":2,"name":"Shop","item":"https:\/\/anabelibericos.com\/en\/shop\/"},{"@type":"ListItem","position":3,"name":"IBERIAN ACORN-FED LOIN 50% IBERIAN RACE"}]},{"@type":"WebSite","@id":"https:\/\/anabelibericos.com\/en\/#website","url":"https:\/\/anabelibericos.com\/en\/","name":"Anabel Ib\u00e9ricos","description":"#TANIB\u00c9RICAMENTE","publisher":{"@id":"https:\/\/anabelibericos.com\/en\/#organization"},"potentialAction":[{"@type":"SearchAction","target":{"@type":"EntryPoint","urlTemplate":"https:\/\/anabelibericos.com\/en\/?s={search_term_string}"},"query-input":"required name=search_term_string"}],"inLanguage":"en-US"},{"@type":"Organization","@id":"https:\/\/anabelibericos.com\/en\/#organization","name":"Anabel Ib\u00e9ricos","url":"https:\/\/anabelibericos.com\/en\/","logo":{"@type":"ImageObject","inLanguage":"en-US","@id":"https:\/\/anabelibericos.com\/en\/#\/schema\/logo\/image\/","url":"https:\/\/anabelibericos.com\/wp-content\/uploads\/logotipo-anabel-ibericos-web-_1.png","contentUrl":"https:\/\/anabelibericos.com\/wp-content\/uploads\/logotipo-anabel-ibericos-web-_1.png","width":4000,"height":742,"caption":"Anabel Ib\u00e9ricos"},"image":{"@id":"https:\/\/anabelibericos.com\/en\/#\/schema\/logo\/image\/"}}]}},"_links":{"self":[{"href":"https:\/\/anabelibericos.com\/en\/wp-json\/wp\/v2\/product\/4352"}],"collection":[{"href":"https:\/\/anabelibericos.com\/en\/wp-json\/wp\/v2\/product"}],"about":[{"href":"https:\/\/anabelibericos.com\/en\/wp-json\/wp\/v2\/types\/product"}],"replies":[{"embeddable":true,"href":"https:\/\/anabelibericos.com\/en\/wp-json\/wp\/v2\/comments?post=4352"}],"wp:featuredmedia":[{"embeddable":true,"href":"https:\/\/anabelibericos.com\/en\/wp-json\/wp\/v2\/media\/4238"}],"wp:attachment":[{"href":"https:\/\/anabelibericos.com\/en\/wp-json\/wp\/v2\/media?parent=4352"}],"wp:term":[{"taxonomy":"product_cat","embeddable":true,"href":"https:\/\/anabelibericos.com\/en\/wp-json\/wp\/v2\/product_cat?post=4352"},{"taxonomy":"product_tag","embeddable":true,"href":"https:\/\/anabelibericos.com\/en\/wp-json\/wp\/v2\/product_tag?post=4352"}],"curies":[{"name":"wp","href":"https:\/\/api.w.org\/{rel}","templated":true}]}}