{"id":4344,"date":"2021-10-07T11:00:52","date_gmt":"2021-11-24T11:01:23","guid":{"rendered":"https:\/\/anabelibericos.com\/producto\/sliced-extra-iberian-sausage\/"},"modified":"2021-11-24T12:01:23","modified_gmt":"2021-11-24T11:01:23","slug":"salchichon-iberico-extra-2","status":"publish","type":"product","link":"https:\/\/anabelibericos.com\/en\/product\/salchichon-iberico-extra-2\/","title":{"rendered":"SLICED EXTRA IBERIAN SAUSAGE"},"content":{"rendered":"<p>Extra Iberian cular salchich\u00f3n. Mixture of minced meat, added with condiments, spices and \/ or authorized additives, kneaded, stuffed in natural casing (cular), and that has undergone a maturation-drying process.<\/p>\n","protected":false},"excerpt":{"rendered":"<p>Enjoy our sliced Iberian Salchich\u00f3n wherever you want. All the flavor of Anabel Ib\u00e9ricos at a click! <\/p>\n","protected":false},"featured_media":4220,"comment_status":"closed","ping_status":"closed","template":"","meta":{"_acf_changed":false},"product_cat":[112,105],"product_tag":[],"acf":[],"yoast_head":"<!-- This site is optimized with the Yoast SEO plugin v22.5 - https:\/\/yoast.com\/wordpress\/plugins\/seo\/ -->\n<title>SLICED EXTRA IBERIAN SAUSAGE - Anabel Ib\u00e9ricos<\/title>\n<meta name=\"robots\" content=\"index, follow, max-snippet:-1, max-image-preview:large, max-video-preview:-1\" \/>\n<link rel=\"canonical\" href=\"https:\/\/anabelibericos.com\/en\/product\/salchichon-iberico-extra-2\/\" \/>\n<meta property=\"og:locale\" content=\"en_US\" \/>\n<meta property=\"og:type\" content=\"article\" \/>\n<meta property=\"og:title\" content=\"SLICED EXTRA IBERIAN SAUSAGE - Anabel Ib\u00e9ricos\" \/>\n<meta property=\"og:description\" content=\"Enjoy our sliced Iberian Salchich\u00f3n wherever you want. All the flavor of Anabel Ib\u00e9ricos at a click!\" \/>\n<meta property=\"og:url\" content=\"https:\/\/anabelibericos.com\/en\/product\/salchichon-iberico-extra-2\/\" \/>\n<meta property=\"og:site_name\" content=\"Anabel Ib\u00e9ricos\" \/>\n<meta name=\"twitter:card\" content=\"summary_large_image\" \/>\n<script type=\"application\/ld+json\" class=\"yoast-schema-graph\">{\"@context\":\"https:\/\/schema.org\",\"@graph\":[{\"@type\":\"WebPage\",\"@id\":\"https:\/\/anabelibericos.com\/en\/product\/salchichon-iberico-extra-2\/\",\"url\":\"https:\/\/anabelibericos.com\/en\/product\/salchichon-iberico-extra-2\/\",\"name\":\"SLICED EXTRA IBERIAN SAUSAGE - Anabel Ib\u00e9ricos\",\"isPartOf\":{\"@id\":\"https:\/\/anabelibericos.com\/en\/#website\"},\"primaryImageOfPage\":{\"@id\":\"https:\/\/anabelibericos.com\/en\/product\/salchichon-iberico-extra-2\/#primaryimage\"},\"image\":{\"@id\":\"https:\/\/anabelibericos.com\/en\/product\/salchichon-iberico-extra-2\/#primaryimage\"},\"thumbnailUrl\":\"https:\/\/anabelibericos.com\/wp-content\/uploads\/anabel-ibericos-web-loncheado-salchichon-iberico-1-1.jpg\",\"datePublished\":\"2021-11-24T11:01:23+00:00\",\"dateModified\":\"2021-11-24T11:01:23+00:00\",\"breadcrumb\":{\"@id\":\"https:\/\/anabelibericos.com\/en\/product\/salchichon-iberico-extra-2\/#breadcrumb\"},\"inLanguage\":\"en-US\",\"potentialAction\":[{\"@type\":\"ReadAction\",\"target\":[\"https:\/\/anabelibericos.com\/en\/product\/salchichon-iberico-extra-2\/\"]}]},{\"@type\":\"ImageObject\",\"inLanguage\":\"en-US\",\"@id\":\"https:\/\/anabelibericos.com\/en\/product\/salchichon-iberico-extra-2\/#primaryimage\",\"url\":\"https:\/\/anabelibericos.com\/wp-content\/uploads\/anabel-ibericos-web-loncheado-salchichon-iberico-1-1.jpg\",\"contentUrl\":\"https:\/\/anabelibericos.com\/wp-content\/uploads\/anabel-ibericos-web-loncheado-salchichon-iberico-1-1.jpg\",\"width\":800,\"height\":1067},{\"@type\":\"BreadcrumbList\",\"@id\":\"https:\/\/anabelibericos.com\/en\/product\/salchichon-iberico-extra-2\/#breadcrumb\",\"itemListElement\":[{\"@type\":\"ListItem\",\"position\":1,\"name\":\"Portada\",\"item\":\"https:\/\/anabelibericos.com\/en\/\"},{\"@type\":\"ListItem\",\"position\":2,\"name\":\"Shop\",\"item\":\"https:\/\/anabelibericos.com\/en\/shop\/\"},{\"@type\":\"ListItem\",\"position\":3,\"name\":\"SLICED EXTRA IBERIAN SAUSAGE\"}]},{\"@type\":\"WebSite\",\"@id\":\"https:\/\/anabelibericos.com\/en\/#website\",\"url\":\"https:\/\/anabelibericos.com\/en\/\",\"name\":\"Anabel Ib\u00e9ricos\",\"description\":\"#TANIB\u00c9RICAMENTE\",\"publisher\":{\"@id\":\"https:\/\/anabelibericos.com\/en\/#organization\"},\"potentialAction\":[{\"@type\":\"SearchAction\",\"target\":{\"@type\":\"EntryPoint\",\"urlTemplate\":\"https:\/\/anabelibericos.com\/en\/?s={search_term_string}\"},\"query-input\":\"required name=search_term_string\"}],\"inLanguage\":\"en-US\"},{\"@type\":\"Organization\",\"@id\":\"https:\/\/anabelibericos.com\/en\/#organization\",\"name\":\"Anabel Ib\u00e9ricos\",\"url\":\"https:\/\/anabelibericos.com\/en\/\",\"logo\":{\"@type\":\"ImageObject\",\"inLanguage\":\"en-US\",\"@id\":\"https:\/\/anabelibericos.com\/en\/#\/schema\/logo\/image\/\",\"url\":\"https:\/\/anabelibericos.com\/wp-content\/uploads\/logotipo-anabel-ibericos-web-_1.png\",\"contentUrl\":\"https:\/\/anabelibericos.com\/wp-content\/uploads\/logotipo-anabel-ibericos-web-_1.png\",\"width\":4000,\"height\":742,\"caption\":\"Anabel Ib\u00e9ricos\"},\"image\":{\"@id\":\"https:\/\/anabelibericos.com\/en\/#\/schema\/logo\/image\/\"}}]}<\/script>\n<!-- \/ Yoast SEO plugin. -->","yoast_head_json":{"title":"SLICED EXTRA IBERIAN SAUSAGE - Anabel Ib\u00e9ricos","robots":{"index":"index","follow":"follow","max-snippet":"max-snippet:-1","max-image-preview":"max-image-preview:large","max-video-preview":"max-video-preview:-1"},"canonical":"https:\/\/anabelibericos.com\/en\/product\/salchichon-iberico-extra-2\/","og_locale":"en_US","og_type":"article","og_title":"SLICED EXTRA IBERIAN SAUSAGE - Anabel Ib\u00e9ricos","og_description":"Enjoy our sliced Iberian Salchich\u00f3n wherever you want. All the flavor of Anabel Ib\u00e9ricos at a click!","og_url":"https:\/\/anabelibericos.com\/en\/product\/salchichon-iberico-extra-2\/","og_site_name":"Anabel Ib\u00e9ricos","twitter_card":"summary_large_image","schema":{"@context":"https:\/\/schema.org","@graph":[{"@type":"WebPage","@id":"https:\/\/anabelibericos.com\/en\/product\/salchichon-iberico-extra-2\/","url":"https:\/\/anabelibericos.com\/en\/product\/salchichon-iberico-extra-2\/","name":"SLICED EXTRA IBERIAN SAUSAGE - Anabel Ib\u00e9ricos","isPartOf":{"@id":"https:\/\/anabelibericos.com\/en\/#website"},"primaryImageOfPage":{"@id":"https:\/\/anabelibericos.com\/en\/product\/salchichon-iberico-extra-2\/#primaryimage"},"image":{"@id":"https:\/\/anabelibericos.com\/en\/product\/salchichon-iberico-extra-2\/#primaryimage"},"thumbnailUrl":"https:\/\/anabelibericos.com\/wp-content\/uploads\/anabel-ibericos-web-loncheado-salchichon-iberico-1-1.jpg","datePublished":"2021-11-24T11:01:23+00:00","dateModified":"2021-11-24T11:01:23+00:00","breadcrumb":{"@id":"https:\/\/anabelibericos.com\/en\/product\/salchichon-iberico-extra-2\/#breadcrumb"},"inLanguage":"en-US","potentialAction":[{"@type":"ReadAction","target":["https:\/\/anabelibericos.com\/en\/product\/salchichon-iberico-extra-2\/"]}]},{"@type":"ImageObject","inLanguage":"en-US","@id":"https:\/\/anabelibericos.com\/en\/product\/salchichon-iberico-extra-2\/#primaryimage","url":"https:\/\/anabelibericos.com\/wp-content\/uploads\/anabel-ibericos-web-loncheado-salchichon-iberico-1-1.jpg","contentUrl":"https:\/\/anabelibericos.com\/wp-content\/uploads\/anabel-ibericos-web-loncheado-salchichon-iberico-1-1.jpg","width":800,"height":1067},{"@type":"BreadcrumbList","@id":"https:\/\/anabelibericos.com\/en\/product\/salchichon-iberico-extra-2\/#breadcrumb","itemListElement":[{"@type":"ListItem","position":1,"name":"Portada","item":"https:\/\/anabelibericos.com\/en\/"},{"@type":"ListItem","position":2,"name":"Shop","item":"https:\/\/anabelibericos.com\/en\/shop\/"},{"@type":"ListItem","position":3,"name":"SLICED EXTRA IBERIAN SAUSAGE"}]},{"@type":"WebSite","@id":"https:\/\/anabelibericos.com\/en\/#website","url":"https:\/\/anabelibericos.com\/en\/","name":"Anabel Ib\u00e9ricos","description":"#TANIB\u00c9RICAMENTE","publisher":{"@id":"https:\/\/anabelibericos.com\/en\/#organization"},"potentialAction":[{"@type":"SearchAction","target":{"@type":"EntryPoint","urlTemplate":"https:\/\/anabelibericos.com\/en\/?s={search_term_string}"},"query-input":"required name=search_term_string"}],"inLanguage":"en-US"},{"@type":"Organization","@id":"https:\/\/anabelibericos.com\/en\/#organization","name":"Anabel Ib\u00e9ricos","url":"https:\/\/anabelibericos.com\/en\/","logo":{"@type":"ImageObject","inLanguage":"en-US","@id":"https:\/\/anabelibericos.com\/en\/#\/schema\/logo\/image\/","url":"https:\/\/anabelibericos.com\/wp-content\/uploads\/logotipo-anabel-ibericos-web-_1.png","contentUrl":"https:\/\/anabelibericos.com\/wp-content\/uploads\/logotipo-anabel-ibericos-web-_1.png","width":4000,"height":742,"caption":"Anabel Ib\u00e9ricos"},"image":{"@id":"https:\/\/anabelibericos.com\/en\/#\/schema\/logo\/image\/"}}]}},"_links":{"self":[{"href":"https:\/\/anabelibericos.com\/en\/wp-json\/wp\/v2\/product\/4344"}],"collection":[{"href":"https:\/\/anabelibericos.com\/en\/wp-json\/wp\/v2\/product"}],"about":[{"href":"https:\/\/anabelibericos.com\/en\/wp-json\/wp\/v2\/types\/product"}],"replies":[{"embeddable":true,"href":"https:\/\/anabelibericos.com\/en\/wp-json\/wp\/v2\/comments?post=4344"}],"wp:featuredmedia":[{"embeddable":true,"href":"https:\/\/anabelibericos.com\/en\/wp-json\/wp\/v2\/media\/4220"}],"wp:attachment":[{"href":"https:\/\/anabelibericos.com\/en\/wp-json\/wp\/v2\/media?parent=4344"}],"wp:term":[{"taxonomy":"product_cat","embeddable":true,"href":"https:\/\/anabelibericos.com\/en\/wp-json\/wp\/v2\/product_cat?post=4344"},{"taxonomy":"product_tag","embeddable":true,"href":"https:\/\/anabelibericos.com\/en\/wp-json\/wp\/v2\/product_tag?post=4344"}],"curies":[{"name":"wp","href":"https:\/\/api.w.org\/{rel}","templated":true}]}}