{"id":4378,"date":"2021-12-01T10:28:06","date_gmt":"2021-12-01T09:28:06","guid":{"rendered":"https:\/\/anabelibericos.com\/cookies-policy\/"},"modified":"2021-12-01T10:28:07","modified_gmt":"2021-12-01T09:28:07","slug":"cookies-policy","status":"publish","type":"page","link":"https:\/\/anabelibericos.com\/en\/cookies-policy\/","title":{"rendered":"Cookies policy"},"content":{"rendered":"<div class=\"wpb-content-wrapper\">[vc_row][vc_column][vc_column_text]\n<h2>What are cookies?<\/h2>\n<p>In English, the term &#8220;cookie&#8221; means cookie, but in the field of web browsing, a &#8220;cookie&#8221; is something else entirely. When you access our website, a small amount of text called a &#8220;cookie&#8221; is stored in your device&#8217;s browser. This text contains various information about your browsing, habits, preferences, content customizations, etc &#8230; There are other technologies that work in a similar way and are also used to collect data about your browsing activity. We will call all these technologies &#8220;cookies&#8221; together. The specific uses we make of these technologies are described in this document.<\/p>\n<h2>What are cookies used for on this website?<\/h2>\n<p>Cookies are an essential part of how our website works. The main objective of our cookies is to improve your browsing experience. For example, to remember your preferences (language, country, etc.) during navigation and on future visits. The information collected in the cookies also allows us to improve the web, adapt it to your interests as a user, speed up the searches you carry out, etc. In certain cases, if we have obtained your prior informed consent, we may use cookies for other uses, such as to obtain information that allows us to show you advertising based on the analysis of your browsing habits.   <\/p>\n<h2>What are cookies NOT used for on this website?<\/h2>\n<p>The cookies we use do not store sensitive personal identification information such as your name, address, your password, etc &#8230;<\/p>\n<h2>Who uses the information stored in cookies?<\/h2>\n<p>The information stored in the cookies on our website is used exclusively by us, with the exception of those identified below as &#8220;third party cookies&#8221;, which are used and managed by external entities that provide us with services that improve the user experience. For example, the statistics that are collected on the number of visits, the content that most like, etc &#8230; is usually managed by GOOGLE ANALYTICS. Third-party cookies are also often used to guarantee payment operations carried out through the web. <\/p>\n<h2>How can I avoid the use of cookies on this website?<\/h2>\n<p>If you prefer to avoid the use of cookies, you can REJECT their use or you can CONFIGURE the ones you want to avoid and the ones you allow to use (in this document we give you extended information regarding each type of cookie, its purpose, recipient, temporality, etc &#8230; ). If you have accepted them, we will not ask you again unless you delete the cookies on your device as indicated in the next section. If you want to revoke the consent you will have to delete the cookies and reconfigure them.<\/p>\n<h2>How do I disable and eliminate the use of cookies?<\/h2>\n<p>To restrict, block or delete cookies from this website (and those used by third parties) you can do so, at any time, by modifying your browser settings. Keep in mind that this configuration is different in each browser, although it is common to find the cookie settings in the menu &#8216;Preferences&#8217; &#8216;Tools&#8217; &#8220;Options&#8221; and then in &#8220;Privacy and Security&#8221; or in &#8220;delete browsing data&#8221;, etc\u2026 For more details on the configuration of cookies in each browser, you can consult the &#8216;Help&#8217; menu of the same. <\/p>\n<h2>What types of cookies are used on this website?<\/h2>\n<p>Each web page uses its own cookies. On our website we use the ones indicated below: <\/p>\n<h3>ACCORDING TO THE ENTITY THAT MANAGES IT<\/h3>\n<ul>\n<li><strong>Own cookies:<\/strong> are those that are sent to the user&#8217;s terminal equipment from a computer or domain managed by the editor itself and from which the service requested by the user is provided. Third-party cookies: are those that are sent to the user&#8217;s terminal equipment from a computer or domain that is not managed by the editor, but by another entity that processes the data obtained through cookies.<\/li>\n<li><strong>Cookies de terceros<\/strong>: son aquellas que se env\u00edan al equipo terminal del usuario desde un equipo o dominio que no es gestionado por el editor, sino por otra entidad que trata los datos obtenidos trav\u00e9s de las cookies.<br \/>\nIn the event that cookies are served from a computer or domain managed by the editor itself, but the information collected through them is managed by a third party, they cannot be considered as own cookies if the third party uses them for its own purposes. (for example, the improvement of the services it provides or the provision of advertising services in favor of other entities).<\/li>\n<\/ul>\n<h3>ACCORDING TO ITS PURPOSE<\/h3>\n<ul>\n<li><strong>Technical cookies<\/strong>: are those necessary for navigation and the proper functioning of our website, such as, for example, controlling traffic and data communication, identifying the session, accessing restricted access parts, remembering the elements that make up an order, carry out the process of purchasing an order, manage payment, control fraud related to the security of the service, make a request for registration or participation in an event, count visits for billing purposes<\/li>\n<li><strong>Cookies de an\u00e1lisis<\/strong>: permiten cuantificar el n\u00famero de usuarios y as\u00ed realizar la medici\u00f3n y an\u00e1lisis estad\u00edstico de la utilizaci\u00f3n que hacen los usuarios del servicio ofertado. Para ello se analiza su navegaci\u00f3n en nuestra p\u00e1gina web con el fin de mejorar la oferta de productos o servicios que le ofrecemos. <\/li>\n<li><strong>Cookies de preferencias o personalizaci\u00f3n<\/strong>: son aquellas que permiten recordar informaci\u00f3n para que el usuario acceda al servicio con determinadas caracter\u00edsticas que pueden diferenciar su experiencia de la de otros usuarios, como, por ejemplo, el idioma, el n\u00famero de resultados a mostrar cuando el usuario realiza una b\u00fasqueda, el aspecto o contenido del servicio en funci\u00f3n del tipo de navegador a trav\u00e9s del cual el usuario accede al servicio o de la regi\u00f3n desde la que accede al servicio, etc.<\/li>\n<li><strong>Publicitarias comportamentales<\/strong>: son aquellas que, tratadas por nosotros o por terceros, nos permiten analizar sus h\u00e1bitos de navegaci\u00f3n en Internet para que podamos mostrarle publicidad relacionada con su perfil de navegaci\u00f3n.<\/li>\n<\/ul>\n<h3>SEG\u00daN EL PLAZO DE TIEMPO QUE PERMANECEN ACTIVADAS<\/h3>\n<ul>\n<li><strong>Cookies de sesi\u00f3n<\/strong>: son aquellas dise\u00f1adas para recabar y almacenar datos mientras el usuario accede a una p\u00e1gina web. Se suelen emplear para almacenar informaci\u00f3n que solo interesa conservar para la prestaci\u00f3n del servicio solicitado por el usuario en una sola ocasi\u00f3n (por ejemplo, una lista de productos adquiridos) y desaparecen al terminar la sesi\u00f3n.<\/li>\n<li><strong>Cookies persistentes:<\/strong> son aquellas en las que los datos siguen almacenados en el terminal y pueden ser accedidos y tratados durante un periodo definido por el responsable de la cookie, y que puede ir de unos minutos a varios a\u00f1os. A este respecto debe valorarse espec\u00edficamente si es necesaria la utilizaci\u00f3n de cookies persistentes, puesto que los riesgos para la privacidad podr\u00edan reducirse mediante la utilizaci\u00f3n de cookies de sesi\u00f3n. En todo caso, cuando se instalen cookies persistentes, se recomienda reducir al m\u00ednimo necesario su duraci\u00f3n temporal atendiendo a la finalidad de su uso. A estos efectos, el Dictamen 4\/2012 del GT29 indic\u00f3 que para que una cookie pueda estar exenta del deber de consentimiento informado, su caducidad debe estar relacionada con su finalidad. Debido a ello, es mucho m\u00e1s probable que se consideren como exceptuadas las cookies de sesi\u00f3n que las persistentes.<\/li>\n<\/ul>\n[\/vc_column_text][\/vc_column][\/vc_row]\n<\/div>","protected":false},"excerpt":{"rendered":"<p>[vc_row][vc_column][vc_column_text] What are cookies? In English, the term &#8220;cookie&#8221; means cookie, but in the field of web browsing, a &#8220;cookie&#8221; is something else entirely. When you access our website, a small amount of text called a &#8220;cookie&#8221; is stored in your device&#8217;s browser. This text contains various information about your browsing, habits, preferences, content customizations,&hellip;<\/p>\n","protected":false},"author":1,"featured_media":0,"parent":0,"menu_order":0,"comment_status":"closed","ping_status":"closed","template":"","meta":{"_acf_changed":false,"footnotes":""},"acf":[],"yoast_head":"<!-- This site is optimized with the Yoast SEO plugin v22.5 - https:\/\/yoast.com\/wordpress\/plugins\/seo\/ -->\n<title>Cookies policy - Anabel Ib\u00e9ricos<\/title>\n<meta name=\"robots\" content=\"index, follow, max-snippet:-1, max-image-preview:large, max-video-preview:-1\" \/>\n<link rel=\"canonical\" href=\"https:\/\/anabelibericos.com\/en\/cookies-policy\/\" \/>\n<meta property=\"og:locale\" content=\"en_US\" \/>\n<meta property=\"og:type\" content=\"article\" \/>\n<meta property=\"og:title\" content=\"Cookies policy - Anabel Ib\u00e9ricos\" \/>\n<meta property=\"og:description\" content=\"[vc_row][vc_column][vc_column_text] What are cookies? In English, the term &#8220;cookie&#8221; means cookie, but in the field of web browsing, a &#8220;cookie&#8221; is something else entirely. When you access our website, a small amount of text called a &#8220;cookie&#8221; is stored in your device&#8217;s browser. This text contains various information about your browsing, habits, preferences, content customizations,&hellip;\" \/>\n<meta property=\"og:url\" content=\"https:\/\/anabelibericos.com\/en\/cookies-policy\/\" \/>\n<meta property=\"og:site_name\" content=\"Anabel Ib\u00e9ricos\" \/>\n<meta property=\"article:modified_time\" content=\"2021-12-01T09:28:07+00:00\" \/>\n<meta name=\"twitter:card\" content=\"summary_large_image\" \/>\n<meta name=\"twitter:label1\" content=\"Est. reading time\" \/>\n\t<meta name=\"twitter:data1\" content=\"6 minutes\" \/>\n<script type=\"application\/ld+json\" class=\"yoast-schema-graph\">{\"@context\":\"https:\/\/schema.org\",\"@graph\":[{\"@type\":\"WebPage\",\"@id\":\"https:\/\/anabelibericos.com\/en\/cookies-policy\/\",\"url\":\"https:\/\/anabelibericos.com\/en\/cookies-policy\/\",\"name\":\"Cookies policy - Anabel Ib\u00e9ricos\",\"isPartOf\":{\"@id\":\"https:\/\/anabelibericos.com\/en\/#website\"},\"datePublished\":\"2021-12-01T09:28:06+00:00\",\"dateModified\":\"2021-12-01T09:28:07+00:00\",\"breadcrumb\":{\"@id\":\"https:\/\/anabelibericos.com\/en\/cookies-policy\/#breadcrumb\"},\"inLanguage\":\"en-US\",\"potentialAction\":[{\"@type\":\"ReadAction\",\"target\":[\"https:\/\/anabelibericos.com\/en\/cookies-policy\/\"]}]},{\"@type\":\"BreadcrumbList\",\"@id\":\"https:\/\/anabelibericos.com\/en\/cookies-policy\/#breadcrumb\",\"itemListElement\":[{\"@type\":\"ListItem\",\"position\":1,\"name\":\"Portada\",\"item\":\"https:\/\/anabelibericos.com\/en\/\"},{\"@type\":\"ListItem\",\"position\":2,\"name\":\"Cookies policy\"}]},{\"@type\":\"WebSite\",\"@id\":\"https:\/\/anabelibericos.com\/en\/#website\",\"url\":\"https:\/\/anabelibericos.com\/en\/\",\"name\":\"Anabel Ib\u00e9ricos\",\"description\":\"#TANIB\u00c9RICAMENTE\",\"publisher\":{\"@id\":\"https:\/\/anabelibericos.com\/en\/#organization\"},\"potentialAction\":[{\"@type\":\"SearchAction\",\"target\":{\"@type\":\"EntryPoint\",\"urlTemplate\":\"https:\/\/anabelibericos.com\/en\/?s={search_term_string}\"},\"query-input\":\"required name=search_term_string\"}],\"inLanguage\":\"en-US\"},{\"@type\":\"Organization\",\"@id\":\"https:\/\/anabelibericos.com\/en\/#organization\",\"name\":\"Anabel Ib\u00e9ricos\",\"url\":\"https:\/\/anabelibericos.com\/en\/\",\"logo\":{\"@type\":\"ImageObject\",\"inLanguage\":\"en-US\",\"@id\":\"https:\/\/anabelibericos.com\/en\/#\/schema\/logo\/image\/\",\"url\":\"https:\/\/anabelibericos.com\/wp-content\/uploads\/logotipo-anabel-ibericos-web-_1.png\",\"contentUrl\":\"https:\/\/anabelibericos.com\/wp-content\/uploads\/logotipo-anabel-ibericos-web-_1.png\",\"width\":4000,\"height\":742,\"caption\":\"Anabel Ib\u00e9ricos\"},\"image\":{\"@id\":\"https:\/\/anabelibericos.com\/en\/#\/schema\/logo\/image\/\"}}]}<\/script>\n<!-- \/ Yoast SEO plugin. -->","yoast_head_json":{"title":"Cookies policy - Anabel Ib\u00e9ricos","robots":{"index":"index","follow":"follow","max-snippet":"max-snippet:-1","max-image-preview":"max-image-preview:large","max-video-preview":"max-video-preview:-1"},"canonical":"https:\/\/anabelibericos.com\/en\/cookies-policy\/","og_locale":"en_US","og_type":"article","og_title":"Cookies policy - Anabel Ib\u00e9ricos","og_description":"[vc_row][vc_column][vc_column_text] What are cookies? In English, the term &#8220;cookie&#8221; means cookie, but in the field of web browsing, a &#8220;cookie&#8221; is something else entirely. When you access our website, a small amount of text called a &#8220;cookie&#8221; is stored in your device&#8217;s browser. This text contains various information about your browsing, habits, preferences, content customizations,&hellip;","og_url":"https:\/\/anabelibericos.com\/en\/cookies-policy\/","og_site_name":"Anabel Ib\u00e9ricos","article_modified_time":"2021-12-01T09:28:07+00:00","twitter_card":"summary_large_image","twitter_misc":{"Est. reading time":"6 minutes"},"schema":{"@context":"https:\/\/schema.org","@graph":[{"@type":"WebPage","@id":"https:\/\/anabelibericos.com\/en\/cookies-policy\/","url":"https:\/\/anabelibericos.com\/en\/cookies-policy\/","name":"Cookies policy - Anabel Ib\u00e9ricos","isPartOf":{"@id":"https:\/\/anabelibericos.com\/en\/#website"},"datePublished":"2021-12-01T09:28:06+00:00","dateModified":"2021-12-01T09:28:07+00:00","breadcrumb":{"@id":"https:\/\/anabelibericos.com\/en\/cookies-policy\/#breadcrumb"},"inLanguage":"en-US","potentialAction":[{"@type":"ReadAction","target":["https:\/\/anabelibericos.com\/en\/cookies-policy\/"]}]},{"@type":"BreadcrumbList","@id":"https:\/\/anabelibericos.com\/en\/cookies-policy\/#breadcrumb","itemListElement":[{"@type":"ListItem","position":1,"name":"Portada","item":"https:\/\/anabelibericos.com\/en\/"},{"@type":"ListItem","position":2,"name":"Cookies policy"}]},{"@type":"WebSite","@id":"https:\/\/anabelibericos.com\/en\/#website","url":"https:\/\/anabelibericos.com\/en\/","name":"Anabel Ib\u00e9ricos","description":"#TANIB\u00c9RICAMENTE","publisher":{"@id":"https:\/\/anabelibericos.com\/en\/#organization"},"potentialAction":[{"@type":"SearchAction","target":{"@type":"EntryPoint","urlTemplate":"https:\/\/anabelibericos.com\/en\/?s={search_term_string}"},"query-input":"required name=search_term_string"}],"inLanguage":"en-US"},{"@type":"Organization","@id":"https:\/\/anabelibericos.com\/en\/#organization","name":"Anabel Ib\u00e9ricos","url":"https:\/\/anabelibericos.com\/en\/","logo":{"@type":"ImageObject","inLanguage":"en-US","@id":"https:\/\/anabelibericos.com\/en\/#\/schema\/logo\/image\/","url":"https:\/\/anabelibericos.com\/wp-content\/uploads\/logotipo-anabel-ibericos-web-_1.png","contentUrl":"https:\/\/anabelibericos.com\/wp-content\/uploads\/logotipo-anabel-ibericos-web-_1.png","width":4000,"height":742,"caption":"Anabel Ib\u00e9ricos"},"image":{"@id":"https:\/\/anabelibericos.com\/en\/#\/schema\/logo\/image\/"}}]}},"_links":{"self":[{"href":"https:\/\/anabelibericos.com\/en\/wp-json\/wp\/v2\/pages\/4378"}],"collection":[{"href":"https:\/\/anabelibericos.com\/en\/wp-json\/wp\/v2\/pages"}],"about":[{"href":"https:\/\/anabelibericos.com\/en\/wp-json\/wp\/v2\/types\/page"}],"author":[{"embeddable":true,"href":"https:\/\/anabelibericos.com\/en\/wp-json\/wp\/v2\/users\/1"}],"replies":[{"embeddable":true,"href":"https:\/\/anabelibericos.com\/en\/wp-json\/wp\/v2\/comments?post=4378"}],"version-history":[{"count":2,"href":"https:\/\/anabelibericos.com\/en\/wp-json\/wp\/v2\/pages\/4378\/revisions"}],"predecessor-version":[{"id":4380,"href":"https:\/\/anabelibericos.com\/en\/wp-json\/wp\/v2\/pages\/4378\/revisions\/4380"}],"wp:attachment":[{"href":"https:\/\/anabelibericos.com\/en\/wp-json\/wp\/v2\/media?parent=4378"}],"curies":[{"name":"wp","href":"https:\/\/api.w.org\/{rel}","templated":true}]}}