{"id":4291,"date":"2021-11-03T11:23:04","date_gmt":"2021-11-03T10:23:04","guid":{"rendered":"https:\/\/anabelibericos.com\/privacy-policy\/"},"modified":"2021-11-03T11:23:05","modified_gmt":"2021-11-03T10:23:05","slug":"privacy-policy","status":"publish","type":"page","link":"https:\/\/anabelibericos.com\/en\/privacy-policy\/","title":{"rendered":"Privacy policy"},"content":{"rendered":"<div class=\"wpb-content-wrapper\">[vc_row][vc_column][vc_column_text]\n<h2>Website owner information<\/h2>\nC\u00e1rnicas Manolo SL with CIF B48505937 residing at Pol\u00edgono Industrial Ibarreta. Camino Zubileta, 27. Pabellones 3-4 B-C. 48903 Burce\u00f1a-Barakaldo (Bizkaia) and communications email tienda@anabelibericos.com.<\/p>\n<h2>Data protection officer<\/h2>\n<p>The owner is responsible for the personal data that is collected by browsing and using this website in accordance with the requirements established by <strong>REGULATION (EU) 2016\/679<\/strong> regarding the protection of data of natural persons as well as in accordance with the <strong>Law 34\/2002 of July 11, Services of the Information Society and Electronic Commerce (LSSI-CE).<\/strong>  <\/p>\n<p>By using this website we understand that you have read and understood the information that is exposed in relation to the processing of your personal data.<\/p>\n<h2>Data protection policy<\/h2>\n<p>The person in charge applies the principle of active responsibility in the processing of personal data, maintaining constant updating and promoting continuous improvement of the data protection system in accordance with the legal requirements, guaranteeing in any case:<\/p>\n<ul>\n<li>respect for the freedoms and fundamental rights of natural persons<\/li>\n<li>that the data is treated in a lawful, loyal and transparent manner<\/li>\n<li>that the data processed are accurate, adequate, relevant and limited in relation to the purposes for which they are collected<\/li>\n<li>that the purposes for which they are collected are explicit and legitimate and that they are not treated in a manner incompatible with said purposes<\/li>\n<\/ul>\n<p>The purpose of this document is to inform users about what we do with their personal data, how they are collected, what they are used for, their rights as well as all the necessary legal information established by current regulations.<\/p>\n<h2>Data collected, purpose and legality<\/h2>\n<p>The personal data processed are those provided by users through the forms available on this website and are the minimum required to be able to:<\/p>\n<ul>\n<li>send you information about our products \/ services C\u00e1rnicas Manolo SL privacy policy C\u00e1rnicas Manolo SL<\/li>\n<li>answer queries.<\/li>\n<li>process orders, as well as be able to prepare the corresponding invoices, report on the status of orders, attend to claims and any other management derived from the provision of the service carried out through this website<\/li>\n<\/ul>\n<p>Said purposes are based on legal principles for the treatment of data collected by current regulations: for the execution of a contract or the provision of a service to users, for the fulfillment of legal obligations, for the legitimate interest and with the consent of the users.<\/p>\n<h2>Web forms<\/h2>\n<p>The personal data collected through the web contact form is used to answer any questions that the user makes through it.<\/p>\n<p>The personal data collected in the order form is intended to process the data necessary for the correct management of your orders.<\/p>\n<p>The treatment of the data is legitimized by the consent that you give us by expressly accepting the conditions of the treatment informed through this privacy policy.<\/p>\n<h2>Recipients of the data<\/h2>\n<p>The personal data obtained through the web forms are recorded and kept in electronic media controlled and supervised by the person responsible for the treatment.<\/p>\n<p>Your personal data will not be communicated to third parties, with the exception that said data communication is covered by a legal obligation or when for the correct provision of the service or the execution of the contract it is necessary to communicate your data to other responsible parties such as other companies. of the group or those in charge of the treatment that participate in the provision of the service (carriers for example).<\/p>\n<p>For cases in which the communication of data to third parties is not covered by the legal bases established in the previous section, the communication of data to other recipients will only be carried out if the user has given their express consent.<\/p>\n<p>Strict criteria for the selection of treatment managers and the contractual commitment with each of them are maintained to comply with and enforce the obligations established in terms of data protection.<\/p>\n<p>In the event that there are international data transfers C\u00e1rnicas Manolo SL will guarantee that the transfer of your personal data is carried out in accordance with the applicable privacy laws and, in particular, that the necessary contractual, technical and organizational measures are applied, such as those standard contractual clauses approved by the European Commission &#8221;<\/p>\n<p>You can obtain more information about the treatment of personal data of our organization by requesting it in the mail: tienda@anabelibericos.com\n<h2>Technical and organizational data protection measures<\/h2>\n<p>The supports have the necessary technical and organizational measures that guarantee the confidentiality and conservation of personal data obtained through the web.<\/p>\n<p>Los datos personales recabados desde la web son tratados mediante protocolo HTML con certificado SSL v\u00e1lido.<\/p>\n<p>El personal implicado en las operaciones de tratamiento de datos: acceso, edici\u00f3n, borrado, etc\u2026 est\u00e1 capacitado para ello, formado y comprometido con esta pol\u00edtica de protecci\u00f3n de datos.<\/p>\n<h2>Conservaci\u00f3n de los datos<\/h2>\n<p>Los datos de car\u00e1cter personal obtenidos a trav\u00e9s del formulario de contacto ser\u00e1n conservados el tiempo necesario para atender la solicitud\/consulta realizada.<\/p>\n<p>Los datos de car\u00e1cter personal obtenidos a trav\u00e9s del formulario de pedidos ser\u00e1n conservados mientras exista una relaci\u00f3n contractual y\/o comercial con usted o mientras usted no ejerza su derecho de supresi\u00f3n, cancelaci\u00f3n y\/o limitaci\u00f3n del tratamiento de sus datos.<\/p>\n<p>Vencida la relaci\u00f3n contractual mantendremos la informaci\u00f3n debidamente bloqueada, sin darle ning\u00fan uso, mientras pueda ser necesaria para el ejercicio o defensa de reclamaciones o pueda derivarse alg\u00fan tipo de responsabilidad judicial, legal o contractual de su tratamiento, que deba ser atendida y para lo cual sea necesaria su recuperaci\u00f3n.<\/p>\n<p>En caso que haya aceptado expresamente el env\u00edo de informaci\u00f3n comercial conservaremos sus datos de contacto hasta que usted nos comunique su decisi\u00f3n de anular dichos env\u00edos comerciales.<\/p>\n<h2>Informaci\u00f3n sobre la existencia de decisiones automatizadas (incluida la elaboraci\u00f3n de perfiles)<\/h2>\n<p>Normalmente no adoptamos decisiones autom\u00e1ticas, pero cuanto lo hagamos dejaremos claro que se est\u00e1 adoptando ese tipo de decisi\u00f3n. No obstante, C\u00e1rnicas Manolo SL recoge varios apartados dedicados a la personalizaci\u00f3n de servicios a fin de mostrar publicidad personalizada al ingresar en su sitio Web y tambi\u00e9n para el env\u00edo de comunicaciones personalizadas.<\/p>\nC\u00e1rnicas Manolo SL reconoce la posibilidad de la realizaci\u00f3n de perfiles para mejorar su oferta de productos o personalizar el env\u00edo de ofertas comerciales o dar un trato m\u00e1s personalizado al cliente<\/p>\n<h2>Oposici\u00f3n a que los datos sean tratados con fines publicitarios<\/h2>\n<p>Si diste tu consentimiento para que utilizaran tus datos con fines publicitarios y no deseas seguir recibiendo publicidad, puedes revocar el consentimiento prestado en cualquier momento y a trav\u00e9s del env\u00edo de un correo electr\u00f3nico a mail del responsable tienda@anabelibericos.com\n<h2>Cambios en la Pol\u00edtica de Privacidad<\/h2>\n<p>Es posible que modifiquemos la informaci\u00f3n contenida en esta Pol\u00edtica de Privacidad y Cookies cuando lo estimemos conveniente. En caso de que lo hagamos, te lo notificaremos por distintas v\u00edas a trav\u00e9s de la Plataforma (por ejemplo, a trav\u00e9s de un banner, un pop-up o una notificaci\u00f3n push), o incluso te lo comunicaremos a tu direcci\u00f3n de correo electr\u00f3nico cuando el cambio en cuesti\u00f3n sea significativo para con tu privacidad, de manera que puedas revisar los cambios, valorarlos y, en su caso, oponerte o darte de baja en alg\u00fan servicio o funcionalidad. En cualquier caso, te sugerimos que revises esta Pol\u00edtica de Privacidad y Cookies de vez en cuando por si hubiera cambios menores o introducimos alguna mejora interactiva[\/vc_column_text][\/vc_column][\/vc_row]\n<\/div>","protected":false},"excerpt":{"rendered":"<p>[vc_row][vc_column][vc_column_text] Website owner information with CIF residing at and communications email . Data protection officer The owner is responsible for the personal data that is collected by browsing and using this website in accordance with the requirements established by REGULATION (EU) 2016\/679 regarding the protection of data of natural persons as well as in accordance&hellip;<\/p>\n","protected":false},"author":1,"featured_media":0,"parent":0,"menu_order":0,"comment_status":"closed","ping_status":"open","template":"","meta":{"_acf_changed":false,"footnotes":""},"acf":[],"yoast_head":"<!-- This site is optimized with the Yoast SEO plugin v22.5 - https:\/\/yoast.com\/wordpress\/plugins\/seo\/ -->\n<title>Privacy policy - Anabel Ib\u00e9ricos<\/title>\n<meta name=\"robots\" content=\"index, follow, max-snippet:-1, max-image-preview:large, max-video-preview:-1\" \/>\n<link rel=\"canonical\" href=\"https:\/\/anabelibericos.com\/en\/privacy-policy\/\" \/>\n<meta property=\"og:locale\" content=\"en_US\" \/>\n<meta property=\"og:type\" content=\"article\" \/>\n<meta property=\"og:title\" content=\"Privacy policy - Anabel Ib\u00e9ricos\" \/>\n<meta property=\"og:description\" content=\"[vc_row][vc_column][vc_column_text] Website owner information with CIF residing at and communications email . Data protection officer The owner is responsible for the personal data that is collected by browsing and using this website in accordance with the requirements established by REGULATION (EU) 2016\/679 regarding the protection of data of natural persons as well as in accordance&hellip;\" \/>\n<meta property=\"og:url\" content=\"https:\/\/anabelibericos.com\/en\/privacy-policy\/\" \/>\n<meta property=\"og:site_name\" content=\"Anabel Ib\u00e9ricos\" \/>\n<meta property=\"article:modified_time\" content=\"2021-11-03T10:23:05+00:00\" \/>\n<meta name=\"twitter:card\" content=\"summary_large_image\" \/>\n<meta name=\"twitter:label1\" content=\"Est. reading time\" \/>\n\t<meta name=\"twitter:data1\" content=\"6 minutes\" \/>\n<script type=\"application\/ld+json\" class=\"yoast-schema-graph\">{\"@context\":\"https:\/\/schema.org\",\"@graph\":[{\"@type\":\"WebPage\",\"@id\":\"https:\/\/anabelibericos.com\/en\/privacy-policy\/\",\"url\":\"https:\/\/anabelibericos.com\/en\/privacy-policy\/\",\"name\":\"Privacy policy - Anabel Ib\u00e9ricos\",\"isPartOf\":{\"@id\":\"https:\/\/anabelibericos.com\/en\/#website\"},\"datePublished\":\"2021-11-03T10:23:04+00:00\",\"dateModified\":\"2021-11-03T10:23:05+00:00\",\"breadcrumb\":{\"@id\":\"https:\/\/anabelibericos.com\/en\/privacy-policy\/#breadcrumb\"},\"inLanguage\":\"en-US\",\"potentialAction\":[{\"@type\":\"ReadAction\",\"target\":[\"https:\/\/anabelibericos.com\/en\/privacy-policy\/\"]}]},{\"@type\":\"BreadcrumbList\",\"@id\":\"https:\/\/anabelibericos.com\/en\/privacy-policy\/#breadcrumb\",\"itemListElement\":[{\"@type\":\"ListItem\",\"position\":1,\"name\":\"Portada\",\"item\":\"https:\/\/anabelibericos.com\/en\/\"},{\"@type\":\"ListItem\",\"position\":2,\"name\":\"Privacy policy\"}]},{\"@type\":\"WebSite\",\"@id\":\"https:\/\/anabelibericos.com\/en\/#website\",\"url\":\"https:\/\/anabelibericos.com\/en\/\",\"name\":\"Anabel Ib\u00e9ricos\",\"description\":\"#TANIB\u00c9RICAMENTE\",\"publisher\":{\"@id\":\"https:\/\/anabelibericos.com\/en\/#organization\"},\"potentialAction\":[{\"@type\":\"SearchAction\",\"target\":{\"@type\":\"EntryPoint\",\"urlTemplate\":\"https:\/\/anabelibericos.com\/en\/?s={search_term_string}\"},\"query-input\":\"required name=search_term_string\"}],\"inLanguage\":\"en-US\"},{\"@type\":\"Organization\",\"@id\":\"https:\/\/anabelibericos.com\/en\/#organization\",\"name\":\"Anabel Ib\u00e9ricos\",\"url\":\"https:\/\/anabelibericos.com\/en\/\",\"logo\":{\"@type\":\"ImageObject\",\"inLanguage\":\"en-US\",\"@id\":\"https:\/\/anabelibericos.com\/en\/#\/schema\/logo\/image\/\",\"url\":\"https:\/\/anabelibericos.com\/wp-content\/uploads\/logotipo-anabel-ibericos-web-_1.png\",\"contentUrl\":\"https:\/\/anabelibericos.com\/wp-content\/uploads\/logotipo-anabel-ibericos-web-_1.png\",\"width\":4000,\"height\":742,\"caption\":\"Anabel Ib\u00e9ricos\"},\"image\":{\"@id\":\"https:\/\/anabelibericos.com\/en\/#\/schema\/logo\/image\/\"}}]}<\/script>\n<!-- \/ Yoast SEO plugin. -->","yoast_head_json":{"title":"Privacy policy - Anabel Ib\u00e9ricos","robots":{"index":"index","follow":"follow","max-snippet":"max-snippet:-1","max-image-preview":"max-image-preview:large","max-video-preview":"max-video-preview:-1"},"canonical":"https:\/\/anabelibericos.com\/en\/privacy-policy\/","og_locale":"en_US","og_type":"article","og_title":"Privacy policy - Anabel Ib\u00e9ricos","og_description":"[vc_row][vc_column][vc_column_text] Website owner information with CIF residing at and communications email . Data protection officer The owner is responsible for the personal data that is collected by browsing and using this website in accordance with the requirements established by REGULATION (EU) 2016\/679 regarding the protection of data of natural persons as well as in accordance&hellip;","og_url":"https:\/\/anabelibericos.com\/en\/privacy-policy\/","og_site_name":"Anabel Ib\u00e9ricos","article_modified_time":"2021-11-03T10:23:05+00:00","twitter_card":"summary_large_image","twitter_misc":{"Est. reading time":"6 minutes"},"schema":{"@context":"https:\/\/schema.org","@graph":[{"@type":"WebPage","@id":"https:\/\/anabelibericos.com\/en\/privacy-policy\/","url":"https:\/\/anabelibericos.com\/en\/privacy-policy\/","name":"Privacy policy - Anabel Ib\u00e9ricos","isPartOf":{"@id":"https:\/\/anabelibericos.com\/en\/#website"},"datePublished":"2021-11-03T10:23:04+00:00","dateModified":"2021-11-03T10:23:05+00:00","breadcrumb":{"@id":"https:\/\/anabelibericos.com\/en\/privacy-policy\/#breadcrumb"},"inLanguage":"en-US","potentialAction":[{"@type":"ReadAction","target":["https:\/\/anabelibericos.com\/en\/privacy-policy\/"]}]},{"@type":"BreadcrumbList","@id":"https:\/\/anabelibericos.com\/en\/privacy-policy\/#breadcrumb","itemListElement":[{"@type":"ListItem","position":1,"name":"Portada","item":"https:\/\/anabelibericos.com\/en\/"},{"@type":"ListItem","position":2,"name":"Privacy policy"}]},{"@type":"WebSite","@id":"https:\/\/anabelibericos.com\/en\/#website","url":"https:\/\/anabelibericos.com\/en\/","name":"Anabel Ib\u00e9ricos","description":"#TANIB\u00c9RICAMENTE","publisher":{"@id":"https:\/\/anabelibericos.com\/en\/#organization"},"potentialAction":[{"@type":"SearchAction","target":{"@type":"EntryPoint","urlTemplate":"https:\/\/anabelibericos.com\/en\/?s={search_term_string}"},"query-input":"required name=search_term_string"}],"inLanguage":"en-US"},{"@type":"Organization","@id":"https:\/\/anabelibericos.com\/en\/#organization","name":"Anabel Ib\u00e9ricos","url":"https:\/\/anabelibericos.com\/en\/","logo":{"@type":"ImageObject","inLanguage":"en-US","@id":"https:\/\/anabelibericos.com\/en\/#\/schema\/logo\/image\/","url":"https:\/\/anabelibericos.com\/wp-content\/uploads\/logotipo-anabel-ibericos-web-_1.png","contentUrl":"https:\/\/anabelibericos.com\/wp-content\/uploads\/logotipo-anabel-ibericos-web-_1.png","width":4000,"height":742,"caption":"Anabel Ib\u00e9ricos"},"image":{"@id":"https:\/\/anabelibericos.com\/en\/#\/schema\/logo\/image\/"}}]}},"_links":{"self":[{"href":"https:\/\/anabelibericos.com\/en\/wp-json\/wp\/v2\/pages\/4291"}],"collection":[{"href":"https:\/\/anabelibericos.com\/en\/wp-json\/wp\/v2\/pages"}],"about":[{"href":"https:\/\/anabelibericos.com\/en\/wp-json\/wp\/v2\/types\/page"}],"author":[{"embeddable":true,"href":"https:\/\/anabelibericos.com\/en\/wp-json\/wp\/v2\/users\/1"}],"replies":[{"embeddable":true,"href":"https:\/\/anabelibericos.com\/en\/wp-json\/wp\/v2\/comments?post=4291"}],"version-history":[{"count":2,"href":"https:\/\/anabelibericos.com\/en\/wp-json\/wp\/v2\/pages\/4291\/revisions"}],"predecessor-version":[{"id":4293,"href":"https:\/\/anabelibericos.com\/en\/wp-json\/wp\/v2\/pages\/4291\/revisions\/4293"}],"wp:attachment":[{"href":"https:\/\/anabelibericos.com\/en\/wp-json\/wp\/v2\/media?parent=4291"}],"curies":[{"name":"wp","href":"https:\/\/api.w.org\/{rel}","templated":true}]}}