{"id":4284,"date":"2021-11-03T11:11:06","date_gmt":"2021-11-03T10:11:06","guid":{"rendered":"https:\/\/anabelibericos.com\/purchase-conditions\/"},"modified":"2021-11-03T11:11:06","modified_gmt":"2021-11-03T10:11:06","slug":"purchase-conditions","status":"publish","type":"page","link":"https:\/\/anabelibericos.com\/en\/purchase-conditions\/","title":{"rendered":"Purchase conditions"},"content":{"rendered":"<div class=\"wpb-content-wrapper\">[vc_row][vc_column][vc_column_text]\n<h2>Purchase conditions<\/h2>\n<p>To purchase the products offered on this website, it is an essential requirement that you read and accept the following terms and conditions.<\/p>\n<p>By accepting these General Contract Conditions, the user declares:<\/p>\n<p>\u00b7 That you have read and understood what is stated here.<br \/>\n\u00b7 That it is a person with sufficient capacity to purchase the products offered here.<br \/>\n\u00b7 That it assumes all the obligations set forth herein.<br \/>\n\u00b7 That you are of legal age (18 years) to purchase the products offered on this website.[\/vc_column_text]<div class=\"vcex-spacing wpex-w-100 wpex-clear\"><\/div>[vc_toggle title=&#8221;Orders&#8221; style=&#8221;simple&#8221;]To place an order it will be necessary to register by the user, with the entry of reliable personal data and definition of a password. The user can choose and change the password for his account administration access at any time, if he has registered and that is necessary for the purchase of any of our products. www.carnicasmanolo.es does not assume responsibility in the event that it gives said password to third parties.  <\/p>\n<p>Al pinchar en \u00abComprar\u00bb est\u00e1s realizando un pedido vinculante de los art\u00edculos que aparecen en tu cesta.<\/p>\n<p>Once you have issued your order, we will immediately send you an email confirming it. The binding contract is formalized as soon as you receive the order confirmation from us. <\/p>\n<p>Once the purchase request has been made, the order will leave our facilities within a maximum period of 5 business days. Business days are understood to be every day between Monday and Friday, both included, but not holidays or weekends. These delivery conditions may be altered, in case the purchase made is of a large volume and we do not have stock. Delivery times can be altered at specific times such as Christmas or Easter due to saturation of the agencies.[\/vc_toggle][vc_toggle title=&#8221;Shipping costs&#8221; style=&#8221;simple&#8221;]\n<table>\n<tbody>\n<tr>\n<td><strong>DESTINATION<\/strong><\/td>\n<td><strong>SHIPPING COST<\/strong><\/td>\n<td><strong>FREE SHIPPING<\/strong><\/td>\n<td><strong>TRANSIT<\/strong><\/td>\n<\/tr>\n<tr>\n<td>Spain Peninsula<\/td>\n<td>6,50\u20ac<\/td>\n<td>100\u20ac<\/td>\n<td>2-4 business days<\/td>\n<\/tr>\n<tr>\n<td>Balearic Islands<\/td>\n<td>10,50\u20ac<\/td>\n<td>200<\/td>\n<td>3-5 business days<\/td>\n<\/tr>\n<\/tbody>\n<\/table>\n[\/vc_toggle][vc_toggle title=&#8221;Payments&#8221; style=&#8221;simple&#8221;]Payment can be made by bank card, Paypal or Bizum.<\/p>\n<p>Payment is made by SSL protocol through the Redsys gateway giving the highest security.<\/p>\n<p>All orders are supported by their corresponding invoice, where the products served are detailed. This invoice will be sent by email to the email address provided in the billing section. In this way, if the order is for a gift, the beneficiary will only receive a document with the list of products without prices.[\/vc_toggle][vc_toggle title=&#8221;Shipping and delivery procedures&#8221; style=&#8221;simple&#8221;]Once the deposit of the order amount has been received in our bank account, the merchandise is sent from the factory, the client being notified by email of the exit of the same and its estimated delivery time.<\/p>\n<p>Upon arrival at the destination, the carrier will deliver to the indicated address. If it is not found they will call you by phone or leave a note to arrange delivery. <\/p>\n<p>It is very important, upon receiving the package, to ensure that it is delivered to you in perfect condition.<\/p>\n<p>If this is not the case, you must state it on the delivery note before signing it, in order to later process a claim if necessary.[\/vc_toggle][vc_toggle title=&#8221;Returns&#8221; style=&#8221;simple&#8221;]Anabel Ib\u00e9ricos works with top quality products. All your shipments are processed with rigorous control taking care of the correct packaging of your products. <\/p>\n<p>This is why as long as the order is delivered in the agreed time and arrives in perfect condition, we will not be able to accept returns.<\/p>\n<p>However, in the event that the recipient receives your order and observes that there is a defect in the packaging or that the product is in poor condition, you can request a return. Not accepting said order and proceeding to write down the incidents on the delivery note of the transport company. <\/p>\n<p>The mechanism provided will be through our customer service department via email tienda@anabelibericos.com<\/p>\n<p>From this moment, the company has 7 working days to send a courier to collect the merchandise.<\/p>\n<p>The amount of the refund will be the amount paid by the customer excluding shipping costs.<br \/>\nThe return procedures will be carried out within 14 calendar days once the item is received at our facilities.<\/p>\n<p>The refund will be made to the account used for the payment. If you pay by PayPal \/ credit card, the refund will be made to the account associated with your PayPal \/ credit card account. If you used a gift voucher for the purchase, we will deposit the corresponding amount in your gift voucher account.[\/vc_toggle][vc_toggle title=&#8221;Promotional vouchers and how to redeem them&#8221; style=&#8221;simple&#8221;]Promotional vouchers are vouchers that cannot be purchased but are awarded during advertising campaigns and are valid for a certain period of time.<\/p>\n<p>Promotional vouchers can only be redeemed before finalizing the order processing. There is no possibility for vouchers to be applied retroactively. Promotional vouchers cannot be assigned to third parties. Unless otherwise stated, multiple promotional vouchers cannot be combined.   <\/p>\n<p>El valor del producto deber\u00e1 ser igual o superior al valor del vale promocional. Si el vale no cubre el valor del producto, se podr\u00e1 pagar la diferencia utilizando cualquiera de los m\u00e9todos de pago aceptados. El valor de los vales promocionales no se abonar\u00e1 en efectivo ni devengar\u00e1 intereses. No se reembolsar\u00e1n los vales promocionales en caso de que se devuelva la totalidad o parte de los productos.   <\/p>\n<p>Los vales promocionales \u00fanicamente se podr\u00e1n canjear antes de finalizar la tramitaci\u00f3n del pedido. No existe la posibilidad de que los vales se apliquen de manera retroactiva. Los vales promocionales no podr\u00e1n ser cedidos a terceros. Salvo que se disponga lo contrario, no se podr\u00e1n combinar m\u00faltiples vales promocionales.   <\/p>\n<p>If when making the purchase you have used a promotional voucher and, as a result of a cancellation on your part, the total value of your order is less than or equal to the value of the promotional voucher, we reserve the right to charge you the original price of the product you want stay.[\/vc_toggle][\/vc_column][\/vc_row]\n<\/div>","protected":false},"excerpt":{"rendered":"<p>[vc_row][vc_column][vc_column_text] Purchase conditions To purchase the products offered on this website, it is an essential requirement that you read and accept the following terms and conditions. By accepting these General Contract Conditions, the user declares: \u00b7 That you have read and understood what is stated here. \u00b7 That it is a person with sufficient capacity&hellip;<\/p>\n","protected":false},"author":1,"featured_media":0,"parent":0,"menu_order":0,"comment_status":"closed","ping_status":"closed","template":"","meta":{"_acf_changed":false,"footnotes":""},"acf":[],"yoast_head":"<!-- This site is optimized with the Yoast SEO plugin v22.5 - https:\/\/yoast.com\/wordpress\/plugins\/seo\/ -->\n<title>Purchase conditions - Anabel Ib\u00e9ricos<\/title>\n<meta name=\"robots\" content=\"index, follow, max-snippet:-1, max-image-preview:large, max-video-preview:-1\" \/>\n<link rel=\"canonical\" href=\"https:\/\/anabelibericos.com\/en\/purchase-conditions\/\" \/>\n<meta property=\"og:locale\" content=\"en_US\" \/>\n<meta property=\"og:type\" content=\"article\" \/>\n<meta property=\"og:title\" content=\"Purchase conditions - Anabel Ib\u00e9ricos\" \/>\n<meta property=\"og:description\" content=\"[vc_row][vc_column][vc_column_text] Purchase conditions To purchase the products offered on this website, it is an essential requirement that you read and accept the following terms and conditions. By accepting these General Contract Conditions, the user declares: \u00b7 That you have read and understood what is stated here. \u00b7 That it is a person with sufficient capacity&hellip;\" \/>\n<meta property=\"og:url\" content=\"https:\/\/anabelibericos.com\/en\/purchase-conditions\/\" \/>\n<meta property=\"og:site_name\" content=\"Anabel Ib\u00e9ricos\" \/>\n<meta name=\"twitter:card\" content=\"summary_large_image\" \/>\n<meta name=\"twitter:label1\" content=\"Est. reading time\" \/>\n\t<meta name=\"twitter:data1\" content=\"5 minutes\" \/>\n<script type=\"application\/ld+json\" class=\"yoast-schema-graph\">{\"@context\":\"https:\/\/schema.org\",\"@graph\":[{\"@type\":\"WebPage\",\"@id\":\"https:\/\/anabelibericos.com\/en\/purchase-conditions\/\",\"url\":\"https:\/\/anabelibericos.com\/en\/purchase-conditions\/\",\"name\":\"Purchase conditions - Anabel Ib\u00e9ricos\",\"isPartOf\":{\"@id\":\"https:\/\/anabelibericos.com\/en\/#website\"},\"datePublished\":\"2021-11-03T10:11:06+00:00\",\"dateModified\":\"2021-11-03T10:11:06+00:00\",\"breadcrumb\":{\"@id\":\"https:\/\/anabelibericos.com\/en\/purchase-conditions\/#breadcrumb\"},\"inLanguage\":\"en-US\",\"potentialAction\":[{\"@type\":\"ReadAction\",\"target\":[\"https:\/\/anabelibericos.com\/en\/purchase-conditions\/\"]}]},{\"@type\":\"BreadcrumbList\",\"@id\":\"https:\/\/anabelibericos.com\/en\/purchase-conditions\/#breadcrumb\",\"itemListElement\":[{\"@type\":\"ListItem\",\"position\":1,\"name\":\"Portada\",\"item\":\"https:\/\/anabelibericos.com\/en\/\"},{\"@type\":\"ListItem\",\"position\":2,\"name\":\"Purchase conditions\"}]},{\"@type\":\"WebSite\",\"@id\":\"https:\/\/anabelibericos.com\/en\/#website\",\"url\":\"https:\/\/anabelibericos.com\/en\/\",\"name\":\"Anabel Ib\u00e9ricos\",\"description\":\"#TANIB\u00c9RICAMENTE\",\"publisher\":{\"@id\":\"https:\/\/anabelibericos.com\/en\/#organization\"},\"potentialAction\":[{\"@type\":\"SearchAction\",\"target\":{\"@type\":\"EntryPoint\",\"urlTemplate\":\"https:\/\/anabelibericos.com\/en\/?s={search_term_string}\"},\"query-input\":\"required name=search_term_string\"}],\"inLanguage\":\"en-US\"},{\"@type\":\"Organization\",\"@id\":\"https:\/\/anabelibericos.com\/en\/#organization\",\"name\":\"Anabel Ib\u00e9ricos\",\"url\":\"https:\/\/anabelibericos.com\/en\/\",\"logo\":{\"@type\":\"ImageObject\",\"inLanguage\":\"en-US\",\"@id\":\"https:\/\/anabelibericos.com\/en\/#\/schema\/logo\/image\/\",\"url\":\"https:\/\/anabelibericos.com\/wp-content\/uploads\/logotipo-anabel-ibericos-web-_1.png\",\"contentUrl\":\"https:\/\/anabelibericos.com\/wp-content\/uploads\/logotipo-anabel-ibericos-web-_1.png\",\"width\":4000,\"height\":742,\"caption\":\"Anabel Ib\u00e9ricos\"},\"image\":{\"@id\":\"https:\/\/anabelibericos.com\/en\/#\/schema\/logo\/image\/\"}}]}<\/script>\n<!-- \/ Yoast SEO plugin. -->","yoast_head_json":{"title":"Purchase conditions - Anabel Ib\u00e9ricos","robots":{"index":"index","follow":"follow","max-snippet":"max-snippet:-1","max-image-preview":"max-image-preview:large","max-video-preview":"max-video-preview:-1"},"canonical":"https:\/\/anabelibericos.com\/en\/purchase-conditions\/","og_locale":"en_US","og_type":"article","og_title":"Purchase conditions - Anabel Ib\u00e9ricos","og_description":"[vc_row][vc_column][vc_column_text] Purchase conditions To purchase the products offered on this website, it is an essential requirement that you read and accept the following terms and conditions. By accepting these General Contract Conditions, the user declares: \u00b7 That you have read and understood what is stated here. \u00b7 That it is a person with sufficient capacity&hellip;","og_url":"https:\/\/anabelibericos.com\/en\/purchase-conditions\/","og_site_name":"Anabel Ib\u00e9ricos","twitter_card":"summary_large_image","twitter_misc":{"Est. reading time":"5 minutes"},"schema":{"@context":"https:\/\/schema.org","@graph":[{"@type":"WebPage","@id":"https:\/\/anabelibericos.com\/en\/purchase-conditions\/","url":"https:\/\/anabelibericos.com\/en\/purchase-conditions\/","name":"Purchase conditions - Anabel Ib\u00e9ricos","isPartOf":{"@id":"https:\/\/anabelibericos.com\/en\/#website"},"datePublished":"2021-11-03T10:11:06+00:00","dateModified":"2021-11-03T10:11:06+00:00","breadcrumb":{"@id":"https:\/\/anabelibericos.com\/en\/purchase-conditions\/#breadcrumb"},"inLanguage":"en-US","potentialAction":[{"@type":"ReadAction","target":["https:\/\/anabelibericos.com\/en\/purchase-conditions\/"]}]},{"@type":"BreadcrumbList","@id":"https:\/\/anabelibericos.com\/en\/purchase-conditions\/#breadcrumb","itemListElement":[{"@type":"ListItem","position":1,"name":"Portada","item":"https:\/\/anabelibericos.com\/en\/"},{"@type":"ListItem","position":2,"name":"Purchase conditions"}]},{"@type":"WebSite","@id":"https:\/\/anabelibericos.com\/en\/#website","url":"https:\/\/anabelibericos.com\/en\/","name":"Anabel Ib\u00e9ricos","description":"#TANIB\u00c9RICAMENTE","publisher":{"@id":"https:\/\/anabelibericos.com\/en\/#organization"},"potentialAction":[{"@type":"SearchAction","target":{"@type":"EntryPoint","urlTemplate":"https:\/\/anabelibericos.com\/en\/?s={search_term_string}"},"query-input":"required name=search_term_string"}],"inLanguage":"en-US"},{"@type":"Organization","@id":"https:\/\/anabelibericos.com\/en\/#organization","name":"Anabel Ib\u00e9ricos","url":"https:\/\/anabelibericos.com\/en\/","logo":{"@type":"ImageObject","inLanguage":"en-US","@id":"https:\/\/anabelibericos.com\/en\/#\/schema\/logo\/image\/","url":"https:\/\/anabelibericos.com\/wp-content\/uploads\/logotipo-anabel-ibericos-web-_1.png","contentUrl":"https:\/\/anabelibericos.com\/wp-content\/uploads\/logotipo-anabel-ibericos-web-_1.png","width":4000,"height":742,"caption":"Anabel Ib\u00e9ricos"},"image":{"@id":"https:\/\/anabelibericos.com\/en\/#\/schema\/logo\/image\/"}}]}},"_links":{"self":[{"href":"https:\/\/anabelibericos.com\/en\/wp-json\/wp\/v2\/pages\/4284"}],"collection":[{"href":"https:\/\/anabelibericos.com\/en\/wp-json\/wp\/v2\/pages"}],"about":[{"href":"https:\/\/anabelibericos.com\/en\/wp-json\/wp\/v2\/types\/page"}],"author":[{"embeddable":true,"href":"https:\/\/anabelibericos.com\/en\/wp-json\/wp\/v2\/users\/1"}],"replies":[{"embeddable":true,"href":"https:\/\/anabelibericos.com\/en\/wp-json\/wp\/v2\/comments?post=4284"}],"version-history":[{"count":2,"href":"https:\/\/anabelibericos.com\/en\/wp-json\/wp\/v2\/pages\/4284\/revisions"}],"predecessor-version":[{"id":4286,"href":"https:\/\/anabelibericos.com\/en\/wp-json\/wp\/v2\/pages\/4284\/revisions\/4286"}],"wp:attachment":[{"href":"https:\/\/anabelibericos.com\/en\/wp-json\/wp\/v2\/media?parent=4284"}],"curies":[{"name":"wp","href":"https:\/\/api.w.org\/{rel}","templated":true}]}}