{"id":4276,"date":"2021-11-03T10:50:47","date_gmt":"2021-11-03T09:50:47","guid":{"rendered":"https:\/\/anabelibericos.com\/manifiest\/"},"modified":"2021-11-03T16:21:41","modified_gmt":"2021-11-03T15:21:41","slug":"manifiest","status":"publish","type":"page","link":"https:\/\/anabelibericos.com\/en\/manifiest\/","title":{"rendered":"Manifest"},"content":{"rendered":"<div class=\"wpb-content-wrapper\">[vc_row css=&#8221;.vc_custom_1634719711251{padding-bottom: 180px !important;}&#8221;][vc_column width=&#8221;1\/4&#8243;][\/vc_column][vc_column width=&#8221;1\/2&#8243;]<h2 class=\"vcex-heading vcex-heading-plain vcex-module wpex-heading wpex-text-2xl wpex-text-center\"><span class=\"vcex-heading-inner wpex-inline-block\">#TANIB\u00c9RICAMENTE<\/span><\/h2><style> style=\"height:20px;\"<\/style><div class=\"vcex-spacing wpex-w-100 wpex-clear\" style=\"height:20px;\"><\/div>[vc_column_text text_align=&#8221;center&#8221;]Anabel Ib\u00e9ricos, some Iberians with a woman\u2019s name.<br \/>\nAnabel is the matriarch of a family dedicated to Iberians, a woman who has always work in the back for years, an elegant, constant woman, whose values are the inspiration for this new brand.<\/p>\n<p>This is for you.[\/vc_column_text][\/vc_column][vc_column width=&#8221;1\/4&#8243;][\/vc_column][\/vc_row][vc_row full_width=&#8221;stretch_row&#8221; parallax=&#8221;content-moving&#8221; parallax_image=&#8221;3620&#8243; min_height=&#8221;300px&#8221;][vc_column][\/vc_column][\/vc_row][vc_row css=&#8221;.vc_custom_1633507002817{padding-top: 80px !important;}&#8221;][vc_column]<style> style=\"height:20px;\"<\/style><div class=\"vcex-spacing wpex-w-100 wpex-clear\" style=\"height:20px;\"><\/div><h2 class=\"vcex-heading vcex-heading-plain vcex-module wpex-heading wpex-text-2xl wpex-text-center\"><span class=\"vcex-heading-inner wpex-inline-block\">Anabel Ib\u00e9ricos is\u2026<\/span><\/h2>[\/vc_column][\/vc_row][vc_row equal_height=&#8221;yes&#8221; el_class=&#8221;wpex-text-center&#8221; css=&#8221;.vc_custom_1633507274059{padding-top: 10px !important;}&#8221;][vc_column width=&#8221;1\/3&#8243; css=&#8221;.vc_custom_1634120697908{background-position: center !important;background-repeat: no-repeat !important;background-size: cover !important;}&#8221;]<h3 class=\"vcex-heading vcex-heading-plain vcex-module wpex-heading wpex-text-2xl vc_custom_1634120865276\"><span class=\"vcex-heading-inner wpex-inline-block\">Authentic<br \/>\ntaste<\/span><\/h3>[vc_column_text]Authentic taste We bring you the authentic Iberian flavor, you just have to open one of our boxes! That flavor, that unmistakable smell that invades you .. All our products have a certification seal.[\/vc_column_text][\/vc_column][vc_column width=&#8221;1\/3&#8243; css=&#8221;.vc_custom_1634120970471{background-position: center !important;background-repeat: no-repeat !important;background-size: cover !important;}&#8221;]<h3 class=\"vcex-heading vcex-heading-plain vcex-module wpex-heading wpex-text-2xl vc_custom_1634120961820\"><span class=\"vcex-heading-inner wpex-inline-block\">New<br \/>\ngeneration<\/span><\/h3>[vc_column_text]We are the new generation of <a href=\"https:\/\/www.carnicasmanolo.es\" target=\"_blank\" rel=\"noopener\">C\u00e1rnicas Manolo<\/a>, a family tradition that makes the leap to online sales under the name of the family matriarch, Anabel.[\/vc_column_text][\/vc_column][vc_column width=&#8221;1\/3&#8243; css=&#8221;.vc_custom_1634120980916{background-position: center !important;background-repeat: no-repeat !important;background-size: cover !important;}&#8221;]<h3 class=\"vcex-heading vcex-heading-plain vcex-module wpex-heading wpex-text-2xl vc_custom_1634121039644\"><span class=\"vcex-heading-inner wpex-inline-block\">All that matters is<br \/>\nto enjoy<\/span><\/h3>[vc_column_text]If we have learned something from these last two years, it is that the moment is now, there is only now to enjoy with your loved ones. For this reason, we want all of them to be special moments paired with the best Iberian products. We put the flavor, you the company.[\/vc_column_text][\/vc_column][\/vc_row][vc_row equal_height=&#8221;yes&#8221; el_class=&#8221;wpex-text-center&#8221;][vc_column width=&#8221;1\/3&#8243; css=&#8221;.vc_custom_1634120989746{background-position: center !important;background-repeat: no-repeat !important;background-size: cover !important;}&#8221;]<h3 class=\"vcex-heading vcex-heading-plain vcex-module wpex-heading wpex-text-2xl vc_custom_1634121230215\"><span class=\"vcex-heading-inner wpex-inline-block\">Being good<\/span><\/h3>[vc_column_text]The know-how of our parents supports us, the family tradition together with the innovation of the new generations.[\/vc_column_text][\/vc_column][vc_column width=&#8221;1\/3&#8243; css=&#8221;.vc_custom_1634120998131{background-position: center !important;background-repeat: no-repeat !important;background-size: cover !important;}&#8221;]<h3 class=\"vcex-heading vcex-heading-plain vcex-module wpex-heading wpex-text-2xl vc_custom_1634121261990\"><span class=\"vcex-heading-inner wpex-inline-block\">Enthusiasm<\/span><\/h3>[vc_column_text]If there is something that characterizes us, it is the enthusiasm with which we prepare each box, we put our best energies so that it reaches you in perfect condition. We love imagining your faces when you unbox! Share that moment with us and the rest of <a href=\"https:\/\/www.instagram.com\/explore\/tags\/ib%C3%A9ricolovers\/\" target=\"_blank\" rel=\"noopener\">#ib\u00e9ricolovers<\/a> on Instagram![\/vc_column_text][\/vc_column][vc_column width=&#8221;1\/3&#8243; css=&#8221;.vc_custom_1634121007170{background-position: center !important;background-repeat: no-repeat !important;background-size: cover !important;}&#8221;]<h3 class=\"vcex-heading vcex-heading-plain vcex-module wpex-heading wpex-text-2xl vc_custom_1634121345139\"><span class=\"vcex-heading-inner wpex-inline-block\">Lealtad<\/span><\/h3>[vc_column_text]En Anabel Ib\u00e9ricos somos leales al sabor, a la tradici\u00f3n, a la innovaci\u00f3n y, sobre todo, a vosotros.<br \/>\n\u00a1Que aproveche![\/vc_column_text][\/vc_column][\/vc_row]\n<\/div>","protected":false},"excerpt":{"rendered":"<p>[vc_row css=&#8221;.vc_custom_1634719711251{padding-bottom: 180px !important;}&#8221;][vc_column width=&#8221;1\/4&#8243;][\/vc_column][vc_column width=&#8221;1\/2&#8243;][vc_column_text text_align=&#8221;center&#8221;]Anabel Ib\u00e9ricos, some Iberians with a woman\u2019s name. Anabel is the matriarch of a family dedicated to Iberians, a woman who has always work in the back for years, an elegant, constant woman, whose values are the inspiration for this new brand. This is for you.[\/vc_column_text][\/vc_column][vc_column width=&#8221;1\/4&#8243;][\/vc_column][\/vc_row][vc_row full_width=&#8221;stretch_row&#8221; parallax=&#8221;content-moving&#8221;&hellip;<\/p>\n","protected":false},"author":1,"featured_media":4192,"parent":0,"menu_order":0,"comment_status":"closed","ping_status":"closed","template":"","meta":{"_acf_changed":false,"footnotes":""},"acf":[],"yoast_head":"<!-- This site is optimized with the Yoast SEO plugin v22.5 - https:\/\/yoast.com\/wordpress\/plugins\/seo\/ -->\n<title>Manifest - Anabel Ib\u00e9ricos<\/title>\n<meta name=\"robots\" content=\"index, follow, max-snippet:-1, max-image-preview:large, max-video-preview:-1\" \/>\n<link rel=\"canonical\" href=\"https:\/\/anabelibericos.com\/en\/manifiest\/\" \/>\n<meta property=\"og:locale\" content=\"en_US\" \/>\n<meta property=\"og:type\" content=\"article\" \/>\n<meta property=\"og:title\" content=\"Manifest - Anabel Ib\u00e9ricos\" \/>\n<meta property=\"og:description\" content=\"[vc_row css=&#8221;.vc_custom_1634719711251{padding-bottom: 180px !important;}&#8221;][vc_column width=&#8221;1\/4&#8243;][\/vc_column][vc_column width=&#8221;1\/2&#8243;][vc_column_text text_align=&#8221;center&#8221;]Anabel Ib\u00e9ricos, some Iberians with a woman\u2019s name. Anabel is the matriarch of a family dedicated to Iberians, a woman who has always work in the back for years, an elegant, constant woman, whose values are the inspiration for this new brand. This is for you.[\/vc_column_text][\/vc_column][vc_column width=&#8221;1\/4&#8243;][\/vc_column][\/vc_row][vc_row full_width=&#8221;stretch_row&#8221; parallax=&#8221;content-moving&#8221;&hellip;\" \/>\n<meta property=\"og:url\" content=\"https:\/\/anabelibericos.com\/en\/manifiest\/\" \/>\n<meta property=\"og:site_name\" content=\"Anabel Ib\u00e9ricos\" \/>\n<meta property=\"article:modified_time\" content=\"2021-11-03T15:21:41+00:00\" \/>\n<meta property=\"og:image\" content=\"https:\/\/anabelibericos.com\/wp-content\/uploads\/manifiesto-banner-anabel-ibericos-23_min.jpg\" \/>\n\t<meta property=\"og:image:width\" content=\"1920\" \/>\n\t<meta property=\"og:image:height\" content=\"1080\" \/>\n\t<meta property=\"og:image:type\" content=\"image\/jpeg\" \/>\n<meta name=\"twitter:card\" content=\"summary_large_image\" \/>\n<meta name=\"twitter:label1\" content=\"Est. reading time\" \/>\n\t<meta name=\"twitter:data1\" content=\"4 minutes\" \/>\n<script type=\"application\/ld+json\" class=\"yoast-schema-graph\">{\"@context\":\"https:\/\/schema.org\",\"@graph\":[{\"@type\":\"WebPage\",\"@id\":\"https:\/\/anabelibericos.com\/en\/manifiest\/\",\"url\":\"https:\/\/anabelibericos.com\/en\/manifiest\/\",\"name\":\"Manifest - Anabel Ib\u00e9ricos\",\"isPartOf\":{\"@id\":\"https:\/\/anabelibericos.com\/en\/#website\"},\"primaryImageOfPage\":{\"@id\":\"https:\/\/anabelibericos.com\/en\/manifiest\/#primaryimage\"},\"image\":{\"@id\":\"https:\/\/anabelibericos.com\/en\/manifiest\/#primaryimage\"},\"thumbnailUrl\":\"https:\/\/anabelibericos.com\/wp-content\/uploads\/manifiesto-banner-anabel-ibericos-23_min.jpg\",\"datePublished\":\"2021-11-03T09:50:47+00:00\",\"dateModified\":\"2021-11-03T15:21:41+00:00\",\"breadcrumb\":{\"@id\":\"https:\/\/anabelibericos.com\/en\/manifiest\/#breadcrumb\"},\"inLanguage\":\"en-US\",\"potentialAction\":[{\"@type\":\"ReadAction\",\"target\":[\"https:\/\/anabelibericos.com\/en\/manifiest\/\"]}]},{\"@type\":\"ImageObject\",\"inLanguage\":\"en-US\",\"@id\":\"https:\/\/anabelibericos.com\/en\/manifiest\/#primaryimage\",\"url\":\"https:\/\/anabelibericos.com\/wp-content\/uploads\/manifiesto-banner-anabel-ibericos-23_min.jpg\",\"contentUrl\":\"https:\/\/anabelibericos.com\/wp-content\/uploads\/manifiesto-banner-anabel-ibericos-23_min.jpg\",\"width\":1920,\"height\":1080},{\"@type\":\"BreadcrumbList\",\"@id\":\"https:\/\/anabelibericos.com\/en\/manifiest\/#breadcrumb\",\"itemListElement\":[{\"@type\":\"ListItem\",\"position\":1,\"name\":\"Portada\",\"item\":\"https:\/\/anabelibericos.com\/en\/\"},{\"@type\":\"ListItem\",\"position\":2,\"name\":\"Manifest\"}]},{\"@type\":\"WebSite\",\"@id\":\"https:\/\/anabelibericos.com\/en\/#website\",\"url\":\"https:\/\/anabelibericos.com\/en\/\",\"name\":\"Anabel Ib\u00e9ricos\",\"description\":\"#TANIB\u00c9RICAMENTE\",\"publisher\":{\"@id\":\"https:\/\/anabelibericos.com\/en\/#organization\"},\"potentialAction\":[{\"@type\":\"SearchAction\",\"target\":{\"@type\":\"EntryPoint\",\"urlTemplate\":\"https:\/\/anabelibericos.com\/en\/?s={search_term_string}\"},\"query-input\":\"required name=search_term_string\"}],\"inLanguage\":\"en-US\"},{\"@type\":\"Organization\",\"@id\":\"https:\/\/anabelibericos.com\/en\/#organization\",\"name\":\"Anabel Ib\u00e9ricos\",\"url\":\"https:\/\/anabelibericos.com\/en\/\",\"logo\":{\"@type\":\"ImageObject\",\"inLanguage\":\"en-US\",\"@id\":\"https:\/\/anabelibericos.com\/en\/#\/schema\/logo\/image\/\",\"url\":\"https:\/\/anabelibericos.com\/wp-content\/uploads\/logotipo-anabel-ibericos-web-_1.png\",\"contentUrl\":\"https:\/\/anabelibericos.com\/wp-content\/uploads\/logotipo-anabel-ibericos-web-_1.png\",\"width\":4000,\"height\":742,\"caption\":\"Anabel Ib\u00e9ricos\"},\"image\":{\"@id\":\"https:\/\/anabelibericos.com\/en\/#\/schema\/logo\/image\/\"}}]}<\/script>\n<!-- \/ Yoast SEO plugin. -->","yoast_head_json":{"title":"Manifest - Anabel Ib\u00e9ricos","robots":{"index":"index","follow":"follow","max-snippet":"max-snippet:-1","max-image-preview":"max-image-preview:large","max-video-preview":"max-video-preview:-1"},"canonical":"https:\/\/anabelibericos.com\/en\/manifiest\/","og_locale":"en_US","og_type":"article","og_title":"Manifest - Anabel Ib\u00e9ricos","og_description":"[vc_row css=&#8221;.vc_custom_1634719711251{padding-bottom: 180px !important;}&#8221;][vc_column width=&#8221;1\/4&#8243;][\/vc_column][vc_column width=&#8221;1\/2&#8243;][vc_column_text text_align=&#8221;center&#8221;]Anabel Ib\u00e9ricos, some Iberians with a woman\u2019s name. Anabel is the matriarch of a family dedicated to Iberians, a woman who has always work in the back for years, an elegant, constant woman, whose values are the inspiration for this new brand. This is for you.[\/vc_column_text][\/vc_column][vc_column width=&#8221;1\/4&#8243;][\/vc_column][\/vc_row][vc_row full_width=&#8221;stretch_row&#8221; parallax=&#8221;content-moving&#8221;&hellip;","og_url":"https:\/\/anabelibericos.com\/en\/manifiest\/","og_site_name":"Anabel Ib\u00e9ricos","article_modified_time":"2021-11-03T15:21:41+00:00","og_image":[{"width":1920,"height":1080,"url":"https:\/\/anabelibericos.com\/wp-content\/uploads\/manifiesto-banner-anabel-ibericos-23_min.jpg","type":"image\/jpeg"}],"twitter_card":"summary_large_image","twitter_misc":{"Est. reading time":"4 minutes"},"schema":{"@context":"https:\/\/schema.org","@graph":[{"@type":"WebPage","@id":"https:\/\/anabelibericos.com\/en\/manifiest\/","url":"https:\/\/anabelibericos.com\/en\/manifiest\/","name":"Manifest - Anabel Ib\u00e9ricos","isPartOf":{"@id":"https:\/\/anabelibericos.com\/en\/#website"},"primaryImageOfPage":{"@id":"https:\/\/anabelibericos.com\/en\/manifiest\/#primaryimage"},"image":{"@id":"https:\/\/anabelibericos.com\/en\/manifiest\/#primaryimage"},"thumbnailUrl":"https:\/\/anabelibericos.com\/wp-content\/uploads\/manifiesto-banner-anabel-ibericos-23_min.jpg","datePublished":"2021-11-03T09:50:47+00:00","dateModified":"2021-11-03T15:21:41+00:00","breadcrumb":{"@id":"https:\/\/anabelibericos.com\/en\/manifiest\/#breadcrumb"},"inLanguage":"en-US","potentialAction":[{"@type":"ReadAction","target":["https:\/\/anabelibericos.com\/en\/manifiest\/"]}]},{"@type":"ImageObject","inLanguage":"en-US","@id":"https:\/\/anabelibericos.com\/en\/manifiest\/#primaryimage","url":"https:\/\/anabelibericos.com\/wp-content\/uploads\/manifiesto-banner-anabel-ibericos-23_min.jpg","contentUrl":"https:\/\/anabelibericos.com\/wp-content\/uploads\/manifiesto-banner-anabel-ibericos-23_min.jpg","width":1920,"height":1080},{"@type":"BreadcrumbList","@id":"https:\/\/anabelibericos.com\/en\/manifiest\/#breadcrumb","itemListElement":[{"@type":"ListItem","position":1,"name":"Portada","item":"https:\/\/anabelibericos.com\/en\/"},{"@type":"ListItem","position":2,"name":"Manifest"}]},{"@type":"WebSite","@id":"https:\/\/anabelibericos.com\/en\/#website","url":"https:\/\/anabelibericos.com\/en\/","name":"Anabel Ib\u00e9ricos","description":"#TANIB\u00c9RICAMENTE","publisher":{"@id":"https:\/\/anabelibericos.com\/en\/#organization"},"potentialAction":[{"@type":"SearchAction","target":{"@type":"EntryPoint","urlTemplate":"https:\/\/anabelibericos.com\/en\/?s={search_term_string}"},"query-input":"required name=search_term_string"}],"inLanguage":"en-US"},{"@type":"Organization","@id":"https:\/\/anabelibericos.com\/en\/#organization","name":"Anabel Ib\u00e9ricos","url":"https:\/\/anabelibericos.com\/en\/","logo":{"@type":"ImageObject","inLanguage":"en-US","@id":"https:\/\/anabelibericos.com\/en\/#\/schema\/logo\/image\/","url":"https:\/\/anabelibericos.com\/wp-content\/uploads\/logotipo-anabel-ibericos-web-_1.png","contentUrl":"https:\/\/anabelibericos.com\/wp-content\/uploads\/logotipo-anabel-ibericos-web-_1.png","width":4000,"height":742,"caption":"Anabel Ib\u00e9ricos"},"image":{"@id":"https:\/\/anabelibericos.com\/en\/#\/schema\/logo\/image\/"}}]}},"_links":{"self":[{"href":"https:\/\/anabelibericos.com\/en\/wp-json\/wp\/v2\/pages\/4276"}],"collection":[{"href":"https:\/\/anabelibericos.com\/en\/wp-json\/wp\/v2\/pages"}],"about":[{"href":"https:\/\/anabelibericos.com\/en\/wp-json\/wp\/v2\/types\/page"}],"author":[{"embeddable":true,"href":"https:\/\/anabelibericos.com\/en\/wp-json\/wp\/v2\/users\/1"}],"replies":[{"embeddable":true,"href":"https:\/\/anabelibericos.com\/en\/wp-json\/wp\/v2\/comments?post=4276"}],"version-history":[{"count":5,"href":"https:\/\/anabelibericos.com\/en\/wp-json\/wp\/v2\/pages\/4276\/revisions"}],"predecessor-version":[{"id":4304,"href":"https:\/\/anabelibericos.com\/en\/wp-json\/wp\/v2\/pages\/4276\/revisions\/4304"}],"wp:featuredmedia":[{"embeddable":true,"href":"https:\/\/anabelibericos.com\/en\/wp-json\/wp\/v2\/media\/4192"}],"wp:attachment":[{"href":"https:\/\/anabelibericos.com\/en\/wp-json\/wp\/v2\/media?parent=4276"}],"curies":[{"name":"wp","href":"https:\/\/api.w.org\/{rel}","templated":true}]}}